{"id":23168,"date":"2024-02-21T12:31:13","date_gmt":"2024-02-21T04:31:13","guid":{"rendered":"https:\/\/harmoor.com\/?post_type=product&#038;p=23168"},"modified":"2024-03-14T12:11:52","modified_gmt":"2024-03-14T04:11:52","slug":"venus-3060","status":"publish","type":"product","link":"https:\/\/harmoor.com\/de\/product\/venus-3060\/","title":{"rendered":"Venus 3060"},"content":{"rendered":"<div class=\"row\">\n<div class=\"col-xl-5 col-lg-5 col-md-6 col-sm-12 col-12\"><img fetchpriority=\"high\" decoding=\"async\" class=\"alignnone size-full wp-image-12104\" src=\"https:\/\/harmoor.com\/wp-content\/uploads\/2024\/02\/chair-venus-3060-1.webp\" alt=\"stuhl gaia 53\" width=\"458\" height=\"315\"><\/div>\n<div class=\"col-xl-7 col-lg-7 col-md-6 col-sm-12 col-12\">\n<h2><span style=\"vertical-align: inherit;\"><span style=\"vertical-align: inherit;\">BRAND<\/span><\/span><\/h2>\n<p>Die reiche Firmengeschichte von Harmoor reicht bis ins Jahr 1998 zur\u00fcck und begann mit einer kleinen M\u00f6belfabrik. Wir er\u00f6ffneten 2018 unsere Fabrik in Vietnam und wurden zu einer der gr\u00f6\u00dften Kunststoffm\u00f6belfabriken in Vietnam. Derzeit ist Harmoor ein Hersteller und Lieferant von Tisch- und Stuhlm\u00f6beln mit vielen f\u00fchrenden Modellen in Vietnam und in der ganzen Welt.<\/p>\n<p><img decoding=\"async\" class=\"mt-4\" src=\"https:\/\/harmoor.com\/wp-content\/uploads\/2023\/07\/single-product.webp\" alt=\"produkt\" width=\"190\" height=\"30\"><\/div>\n<\/div>\n<div class=\"row\">\n<div class=\"col-xl-4 col-lg-4 col-md-4 col-sm-12 col-12 mb-4\">\n<h2><span style=\"vertical-align: inherit;\"><span style=\"vertical-align: inherit;\">PRODUKT INFORMATION<\/span><\/span><\/h2>\n<ul>\n<li>Produktname: Stuhl Venus 3060<\/li>\n<li>Sitz und R\u00fcckenlehne: PP<\/li>\n<li>Rahmen: PP<\/li>\n<li>Design-Stil: Italien<\/li>\n<li>Herkunftsort: Vietnam<\/li>\n<\/ul>\n<\/div>\n<div class=\"col-xl-4 col-lg-4 col-md-4 col-sm-12 col-12 mb-4\">\n<h2><span style=\"vertical-align: inherit;\"><span style=\"vertical-align: inherit;\">GR\u00d6SSE<\/span><\/span><\/h2>\n<ul>\n<li>H\u00f6he: 81,2 cm<\/li>\n<li>Breite: 44,4 cm<\/li>\n<li>Tiefe: 58,6 cm<\/li>\n<li>Sitzh\u00f6he: 45cm<\/li>\n<li>Poids : 3,85 kg<\/li>\n<li>Emballage : 4pcs\/ctn<\/li>\n<\/ul>\n<\/div>\n<div class=\"col-xl-4 col-lg-4 col-md-4 col-sm-12 col-12 mb-4\">\n<h2><span style=\"vertical-align: inherit;\"><span style=\"vertical-align: inherit;\">BENUTZBARER RAUM<\/span><\/span><\/h2>\n<ul>\n<li>Kaffee haus<\/li>\n<li>Restaurant<\/li>\n<li>Speisesaal<\/li>\n<li>B\u00fcro&#8230;.<\/li>\n<\/ul>\n<\/div>\n<\/div>\n","protected":false},"excerpt":{"rendered":"<p>Der Stuhl Venus 3060, ein Meisterwerk der modernen Technik, besticht durch seine perfekte Verbindung von Design und praktischen Funktionen. Mit seinem modernen und luxuri\u00f6sen Design ist der Stuhl Venus 3060 nicht nur ein M\u00f6belst\u00fcck, sondern auch ein Symbol f\u00fcr Komfort und Bequemlichkeit.<\/p>\n<p>Eines der herausragenden Merkmale des Venus 3060 Stuhls ist sein hochwertiges Vollkunststoffmaterial, das f\u00fcr Langlebigkeit und Leichtigkeit sorgt und gleichzeitig leicht zu reinigen und zu pflegen ist. Mit seiner ausgezeichneten Tragf\u00e4higkeit und Druckfestigkeit ist der Stuhl nicht nur eine ideale Wahl f\u00fcr den Arbeitsplatz, sondern auch f\u00fcr den Einsatz in Kunst- und Unterhaltungsr\u00e4umen geeignet.<\/p>\n<p>Der Stuhl ist mit weichen Linien und schlanken Beinen gestaltet, die ihm eine exquisite und moderne \u00c4sthetik verleihen. Dadurch f\u00fcgt sich der Stuhl nicht nur nahtlos in jeden Innenraum ein, sondern bietet auch Komfort und Ger\u00e4umigkeit f\u00fcr den Benutzer.<\/p>\n<p>Mit seinen herausragenden Eigenschaften und seinem raffinierten Design ist der Stuhl Venus 3060 nicht nur eine ideale Wahl f\u00fcr Profis, sondern auch ein perfekter Akzent f\u00fcr Ihren Wohnbereich.<\/p>\n","protected":false},"featured_media":22496,"comment_status":"open","ping_status":"closed","template":"","meta":[],"product_cat":[2020],"product_tag":[1639,1241,1255,1486],"class_list":{"0":"post-23168","1":"product","2":"type-product","3":"status-publish","4":"has-post-thumbnail","6":"product_brand-venus-de","7":"product_cat-venus-de","8":"product_tag-esszimmerstuhl-de","9":"product_tag-kaffee-stuhl","10":"product_tag-restaurant-stuhl","11":"product_tag-wohnzimmersessel","14":"first","15":"instock","16":"shipping-taxable","17":"product-type-simple"},"_links":{"self":[{"href":"https:\/\/harmoor.com\/de\/wp-json\/wp\/v2\/product\/23168","targetHints":{"allow":["GET"]}}],"collection":[{"href":"https:\/\/harmoor.com\/de\/wp-json\/wp\/v2\/product"}],"about":[{"href":"https:\/\/harmoor.com\/de\/wp-json\/wp\/v2\/types\/product"}],"replies":[{"embeddable":true,"href":"https:\/\/harmoor.com\/de\/wp-json\/wp\/v2\/comments?post=23168"}],"version-history":[{"count":3,"href":"https:\/\/harmoor.com\/de\/wp-json\/wp\/v2\/product\/23168\/revisions"}],"predecessor-version":[{"id":23184,"href":"https:\/\/harmoor.com\/de\/wp-json\/wp\/v2\/product\/23168\/revisions\/23184"}],"wp:featuredmedia":[{"embeddable":true,"href":"https:\/\/harmoor.com\/de\/wp-json\/wp\/v2\/media\/22496"}],"wp:attachment":[{"href":"https:\/\/harmoor.com\/de\/wp-json\/wp\/v2\/media?parent=23168"}],"wp:term":[{"taxonomy":"product_cat","embeddable":true,"href":"https:\/\/harmoor.com\/de\/wp-json\/wp\/v2\/product_cat?post=23168"},{"taxonomy":"product_tag","embeddable":true,"href":"https:\/\/harmoor.com\/de\/wp-json\/wp\/v2\/product_tag?post=23168"}],"curies":[{"name":"wp","href":"https:\/\/api.w.org\/{rel}","templated":true}]}}