{"id":20114,"date":"2023-03-22T12:03:06","date_gmt":"2023-03-22T04:03:06","guid":{"rendered":"https:\/\/harmoor.com\/product\/lido-3029\/"},"modified":"2024-05-10T16:27:40","modified_gmt":"2024-05-10T08:27:40","slug":"stuhl-lido-3029","status":"publish","type":"product","link":"https:\/\/harmoor.com\/de\/product\/stuhl-lido-3029\/","title":{"rendered":"Niagara 3029"},"content":{"rendered":"<div class=\"row\">\n<div class=\"col-xl-5 col-lg-5 col-md-6 col-sm-12 col-12\"><img fetchpriority=\"high\" decoding=\"async\" class=\"alignnone size-full wp-image-12104\" src=\"https:\/\/harmoor.com\/wp-content\/uploads\/2023\/03\/chair-lido-3039.webp\" alt=\"Stuhl lido 3029\" width=\"458\" height=\"315\"><\/div>\n<div class=\"col-xl-7 col-lg-7 col-md-6 col-sm-12 col-12\">\n<h2><span style=\"vertical-align: inherit;\"><span style=\"vertical-align: inherit;\">BRAND<\/span><\/span><\/h2>\n<p>Die reiche Firmengeschichte von Harmoor reicht bis ins Jahr 1998 zur\u00fcck und begann mit einer kleinen M\u00f6belfabrik. Wir er\u00f6ffneten 2018 unsere Fabrik in Vietnam und wurden zu einer der gr\u00f6\u00dften Kunststoffm\u00f6belfabriken in Vietnam. Derzeit ist Harmoor ein Hersteller und Lieferant von Tisch- und Stuhlm\u00f6beln mit vielen f\u00fchrenden Modellen in Vietnam und in der ganzen Welt.<\/p>\n<p><img decoding=\"async\" class=\"mt-4\" src=\"https:\/\/harmoor.com\/wp-content\/uploads\/2023\/07\/single-product.webp\" alt=\"produkt\" width=\"190\" height=\"30\"><\/p>\n<\/div>\n<\/div>\n<div class=\"row\">\n<div class=\"col-xl-4 col-lg-4 col-md-4 col-sm-12 col-12 mb-4\">\n<h2><span style=\"vertical-align: inherit;\"><span style=\"vertical-align: inherit;\">PRODUKT INFORMATION<\/span><\/span><\/h2>\n<ul>\n<li>Produktname: Stuhl Niagara 3029<\/li>\n<li>Sitz und R\u00fccken lehne: PP<\/li>\n<li>Design-Stil: Italien<\/li>\n<li>Herkunftsort: Vietnam<\/li>\n<\/ul>\n<\/div>\n<div class=\"col-xl-4 col-lg-4 col-md-4 col-sm-12 col-12 mb-4\">\n<h2><span style=\"vertical-align: inherit;\"><span style=\"vertical-align: inherit;\">GR\u00d6SSE<\/span><\/span><\/h2>\n<ul>\n<li>Breite: 40cm<\/li>\n<li>Sitzh\u00f6he: 44 cm<\/li>\n<li>H\u00f6he: 66cm<\/li>\n<li>Tiefe: 45 cm<\/li>\n<\/ul>\n<\/div>\n<div class=\"col-xl-4 col-lg-4 col-md-4 col-sm-12 col-12 mb-4\">\n<h2><span style=\"vertical-align: inherit;\"><span style=\"vertical-align: inherit;\">BENUTZBARER RAUM<\/span><\/span><\/h2>\n<ul>\n<li>Kaffee haus<\/li>\n<li>Restaurant<\/li>\n<li>Garten<\/li>\n<li>Bar<\/li>\n<\/ul>\n<\/div>\n<\/div>\n","protected":false},"excerpt":{"rendered":"<p>Der Stuhl Niagara 3029 ist in einem jugendlichen und modernen Stil gestaltet und eignet sich daher f\u00fcr viele verschiedene Raumaufteilungen. Der Stuhl ist aus hochwertigem, geformtem PP-Kunststoff hergestellt, um eine hohe Haltbarkeit und Sicherheit f\u00fcr die Insassen zu gew\u00e4hrleisten. Au\u00dferdem ist der Sitz mit weichen Rundungen und Bel\u00fcftungsl\u00f6chern ausgestattet, die ein bequemes Sitzen \u00fcber einen l\u00e4ngeren Zeitraum hinweg erm\u00f6glichen. Insbesondere ist der Stuhl sehr intelligent gestaltet, die Beine des Stuhls k\u00f6nnen zerlegt werden, so dass beim Abnehmen des Stuhls mit einer H\u00f6he von 45 cm, kann es mit einem 75 cm hohen Esstisch und Couchtisch sitzen. Wenn Sie die Stangenbeine anbringen, kann der Stuhl mit einer H\u00f6he von 75 cm auf der Stange sitzen. Daher kann dieser Stuhl als ein 2-in-1-Produkt betrachtet werden, das die Vielseitigkeit und den Komfort des Produkts erh\u00f6ht.<\/p>\n","protected":false},"featured_media":18245,"comment_status":"open","ping_status":"closed","template":"","meta":[],"product_cat":[2123],"product_tag":[1242,1618,1241,1617,1255],"class_list":{"0":"post-20114","1":"product","2":"type-product","3":"status-publish","4":"has-post-thumbnail","6":"product_brand-niagara-de","7":"product_cat-niagara-de","8":"product_tag-barstuhl","9":"product_tag-garten-stuhl","10":"product_tag-kaffee-stuhl","11":"product_tag-outdoor-stuhl","12":"product_tag-restaurant-stuhl","15":"first","16":"instock","17":"shipping-taxable","18":"product-type-simple"},"_links":{"self":[{"href":"https:\/\/harmoor.com\/de\/wp-json\/wp\/v2\/product\/20114","targetHints":{"allow":["GET"]}}],"collection":[{"href":"https:\/\/harmoor.com\/de\/wp-json\/wp\/v2\/product"}],"about":[{"href":"https:\/\/harmoor.com\/de\/wp-json\/wp\/v2\/types\/product"}],"replies":[{"embeddable":true,"href":"https:\/\/harmoor.com\/de\/wp-json\/wp\/v2\/comments?post=20114"}],"version-history":[{"count":1,"href":"https:\/\/harmoor.com\/de\/wp-json\/wp\/v2\/product\/20114\/revisions"}],"predecessor-version":[{"id":23604,"href":"https:\/\/harmoor.com\/de\/wp-json\/wp\/v2\/product\/20114\/revisions\/23604"}],"wp:featuredmedia":[{"embeddable":true,"href":"https:\/\/harmoor.com\/de\/wp-json\/wp\/v2\/media\/18245"}],"wp:attachment":[{"href":"https:\/\/harmoor.com\/de\/wp-json\/wp\/v2\/media?parent=20114"}],"wp:term":[{"taxonomy":"product_cat","embeddable":true,"href":"https:\/\/harmoor.com\/de\/wp-json\/wp\/v2\/product_cat?post=20114"},{"taxonomy":"product_tag","embeddable":true,"href":"https:\/\/harmoor.com\/de\/wp-json\/wp\/v2\/product_tag?post=20114"}],"curies":[{"name":"wp","href":"https:\/\/api.w.org\/{rel}","templated":true}]}}