{"id":19812,"date":"2022-04-26T15:41:22","date_gmt":"2022-04-26T07:41:22","guid":{"rendered":"https:\/\/harmoor.com\/product\/gaia-61\/"},"modified":"2023-11-22T14:11:53","modified_gmt":"2023-11-22T06:11:53","slug":"gaia-61","status":"publish","type":"product","link":"https:\/\/harmoor.com\/de\/product\/gaia-61\/","title":{"rendered":"gaia 61"},"content":{"rendered":"<div class=\"row\">\n<div class=\"col-xl-5 col-lg-5 col-md-6 col-sm-12 col-12\"><img fetchpriority=\"high\" decoding=\"async\" class=\"alignnone size-full wp-image-12104\" src=\"https:\/\/harmoor.com\/wp-content\/uploads\/2023\/06\/Chair-Gaia.webp\" alt=\"stuhl gaia 61\" width=\"458\" height=\"315\" \/><\/div>\n<div class=\"col-xl-7 col-lg-7 col-md-6 col-sm-12 col-12\">\n<h2><span style=\"vertical-align: inherit;\"><span style=\"vertical-align: inherit;\">BRAND<\/span><\/span><\/h2>\n<p>Die reiche Firmengeschichte von Harmoor reicht bis ins Jahr 1998 zur\u00fcck und begann mit einer kleinen M\u00f6belfabrik. Wir er\u00f6ffneten 2018 unsere Fabrik in Vietnam und wurden zu einer der gr\u00f6\u00dften Kunststoffm\u00f6belfabriken in Vietnam. Derzeit ist Harmoor ein Hersteller und Lieferant von Tisch- und Stuhlm\u00f6beln mit vielen f\u00fchrenden Modellen in Vietnam und in der ganzen Welt.<\/p>\n<p><img decoding=\"async\" class=\"mt-4\" src=\"https:\/\/harmoor.com\/wp-content\/uploads\/2023\/07\/single-product.webp\" alt=\"produkt\" width=\"190\" height=\"30\" \/><\/div>\n<\/div>\n<div class=\"row\">\n<div class=\"col-xl-4 col-lg-4 col-md-4 col-sm-12 col-12 mb-4\">\n<h2><span style=\"vertical-align: inherit;\"><span style=\"vertical-align: inherit;\">PRODUKT INFORMATION<\/span><\/span><\/h2>\n<ul>\n<li>Produkt name: Stuhl Gaia 61<\/li>\n<li>Material: Voll-PP<\/li>\n<li>Design-Stil: Italien<\/li>\n<li>Herkunftsort: Vietnam<\/li>\n<\/ul>\n<\/div>\n<div class=\"col-xl-4 col-lg-4 col-md-4 col-sm-12 col-12 mb-4\">\n<h2><span style=\"vertical-align: inherit;\"><span style=\"vertical-align: inherit;\">GR\u00d6SSE<\/span><\/span><\/h2>\n<ul>\n<li>H\u00f6he: 80cm<\/li>\n<li>Breite: 46cm<\/li>\n<li>Tiefe: 46cm<\/li>\n<li>Sitzh\u00f6he: 45cm<\/li>\n<li>Gewicht: 5.0Kg<\/li>\n<\/ul>\n<\/div>\n<div class=\"col-xl-4 col-lg-4 col-md-4 col-sm-12 col-12 mb-4\">\n<h2><span style=\"vertical-align: inherit;\"><span style=\"vertical-align: inherit;\">BENUTZBARER RAUM<\/span><\/span><\/h2>\n<ul>\n<li>Kaffee haus<\/li>\n<li>Restaurant<\/li>\n<li>Speisesaal<\/li>\n<li>&#8230;.<\/li>\n<\/ul>\n<\/div>\n<\/div>\n","protected":false},"excerpt":{"rendered":"<p>Erleben Sie ultimativen Komfort und Stil mit dem Gaia 61 Chair! Dieser Stuhl bietet ein perfektes Gleichgewicht zwischen Funktionalit\u00e4t und \u00c4sthetik und ist damit die ideale Wahl f\u00fcr jeden Raum. Der Gaia 61 Chair zeichnet sich durch ein ergonomisches Design aus, das eine hervorragende Unterst\u00fctzung und Komfort bietet. Der konturierte Sitz und die R\u00fcckenlehne bieten eine optimale Sitzhaltung, so dass Sie auch l\u00e4ngere Zeit ohne Beschwerden sitzen k\u00f6nnen. Ob Sie nun arbeiten, essen oder einfach nur entspannen, dieser Stuhl sorgt f\u00fcr ein angenehmes Sitzerlebnis. Mit seinem eleganten und modernen Design passt der Gaia 61 Chair m\u00fchelos in jeden Raum. Ob im Essbereich, im B\u00fcro oder auf der Terrasse, dieser Stuhl verleiht einen Hauch von Raffinesse und Eleganz. W\u00e4hlen Sie aus einer Reihe leuchtender Farben, die zu Ihrer vorhandenen Einrichtung passen, oder kreieren Sie ein auff\u00e4lliges St\u00fcck, das auff\u00e4llt.<\/p>\n","protected":false},"featured_media":19642,"comment_status":"open","ping_status":"closed","template":"","meta":[],"product_cat":[1647],"product_tag":[1484,1241],"class_list":{"0":"post-19812","1":"product","2":"type-product","3":"status-publish","4":"has-post-thumbnail","6":"product_brand-gaia-de","7":"product_cat-gaia-de","8":"product_tag-esszimmerstuhl","9":"product_tag-kaffee-stuhl","12":"first","13":"instock","14":"shipping-taxable","15":"product-type-simple"},"_links":{"self":[{"href":"https:\/\/harmoor.com\/de\/wp-json\/wp\/v2\/product\/19812","targetHints":{"allow":["GET"]}}],"collection":[{"href":"https:\/\/harmoor.com\/de\/wp-json\/wp\/v2\/product"}],"about":[{"href":"https:\/\/harmoor.com\/de\/wp-json\/wp\/v2\/types\/product"}],"replies":[{"embeddable":true,"href":"https:\/\/harmoor.com\/de\/wp-json\/wp\/v2\/comments?post=19812"}],"version-history":[{"count":0,"href":"https:\/\/harmoor.com\/de\/wp-json\/wp\/v2\/product\/19812\/revisions"}],"wp:featuredmedia":[{"embeddable":true,"href":"https:\/\/harmoor.com\/de\/wp-json\/wp\/v2\/media\/19642"}],"wp:attachment":[{"href":"https:\/\/harmoor.com\/de\/wp-json\/wp\/v2\/media?parent=19812"}],"wp:term":[{"taxonomy":"product_cat","embeddable":true,"href":"https:\/\/harmoor.com\/de\/wp-json\/wp\/v2\/product_cat?post=19812"},{"taxonomy":"product_tag","embeddable":true,"href":"https:\/\/harmoor.com\/de\/wp-json\/wp\/v2\/product_tag?post=19812"}],"curies":[{"name":"wp","href":"https:\/\/api.w.org\/{rel}","templated":true}]}}