{"id":19635,"date":"2022-04-26T15:41:24","date_gmt":"2022-04-26T07:41:24","guid":{"rendered":"https:\/\/harmoor.com\/product\/gaia-21\/"},"modified":"2023-11-22T12:38:35","modified_gmt":"2023-11-22T04:38:35","slug":"gaia-21","status":"publish","type":"product","link":"https:\/\/harmoor.com\/de\/product\/gaia-21\/","title":{"rendered":"gaia 21"},"content":{"rendered":"<div class=\"row\">\n<div class=\"col-xl-5 col-lg-5 col-md-6 col-sm-12 col-12\"><img fetchpriority=\"high\" decoding=\"async\" class=\"alignnone size-full wp-image-12104\" src=\"https:\/\/harmoor.com\/wp-content\/uploads\/2022\/04\/chair-gaia-21-1.webp\" alt=\"stuhl gaia 21\" width=\"458\" height=\"315\" \/><\/div>\n<div class=\"col-xl-7 col-lg-7 col-md-6 col-sm-12 col-12\">\n<h2><span style=\"vertical-align: inherit;\"><span style=\"vertical-align: inherit;\">BRAND<\/span><\/span><\/h2>\n<p>Die reiche Firmengeschichte von Harmoor reicht bis ins Jahr 1998 zur\u00fcck und begann mit einer kleinen M\u00f6belfabrik. Wir er\u00f6ffneten 2018 unsere Fabrik in Vietnam und wurden zu einer der gr\u00f6\u00dften Kunststoffm\u00f6belfabriken in Vietnam. Derzeit ist Harmoor ein Hersteller und Lieferant von Tisch- und Stuhlm\u00f6beln mit vielen f\u00fchrenden Modellen in Vietnam und in der ganzen Welt.<\/p>\n<p><img decoding=\"async\" class=\"mt-4\" src=\"https:\/\/harmoor.com\/wp-content\/uploads\/2023\/07\/single-product.webp\" alt=\"produkt\" width=\"190\" height=\"30\" \/><\/div>\n<\/div>\n<div class=\"row\">\n<div class=\"col-xl-4 col-lg-4 col-md-4 col-sm-12 col-12 mb-4\">\n<h2><span style=\"vertical-align: inherit;\"><span style=\"vertical-align: inherit;\">PRODUKT INFORMATION<\/span><\/span><\/h2>\n<ul>\n<li>Produkt name: Stuhl Gaia 21<\/li>\n<li>Rahmen: Verchromter Stahl<\/li>\n<li>Design-Stil: Italien<\/li>\n<\/ul>\n<\/div>\n<div class=\"col-xl-4 col-lg-4 col-md-4 col-sm-12 col-12 mb-4\">\n<h2><span style=\"vertical-align: inherit;\"><span style=\"vertical-align: inherit;\">GR\u00d6SSE<\/span><\/span><\/h2>\n<ul>\n<li>H\u00f6he: 80cm<\/li>\n<li>Breite: 46cm<\/li>\n<li>Tiefe: 46cm<\/li>\n<li>Sitzh\u00f6he: 45cm<\/li>\n<li>Gewicht: 4,5kg<\/li>\n<\/ul>\n<\/div>\n<div class=\"col-xl-4 col-lg-4 col-md-4 col-sm-12 col-12 mb-4\">\n<h2><span style=\"vertical-align: inherit;\"><span style=\"vertical-align: inherit;\">BENUTZBARER RAUM<\/span><\/span><\/h2>\n<ul>\n<li>Kaffee haus<\/li>\n<li>Restaurant<\/li>\n<li>Speisesaal<\/li>\n<li>&#8230;.<\/li>\n<\/ul>\n<\/div>\n<\/div>\n","protected":false},"excerpt":{"rendered":"<p>Der Gaia 21 Chair bringt eine frische und moderne Atmosph\u00e4re in Essbereiche und Restaurants. Dies ist der Wunsch und die Forderung sowohl von Unternehmen als auch von Familien, ihr Lebensumfeld zu verbessern und die Beziehungen zwischen den Menschen zu f\u00f6rdern. Aus diesem Grund st\u00f6\u00dft der Gaia 21 Chair bei Harmoor auf gro\u00dfes Interesse bei den Nutzern. Der Premium-Stuhl Gaia 21 besticht durch sein elegantes und jugendliches Design und bietet eine Vielzahl von Farben, aus denen die Kunden w\u00e4hlen k\u00f6nnen. Kundenspezifische Farboptionen sind auf Anfrage ebenfalls erh\u00e4ltlich. Die breite Sitzfl\u00e4che des Stuhls ist leicht nach hinten geneigt und gew\u00f6lbt, um den R\u00fccken des Sitzenden zu umarmen und Erm\u00fcdung und R\u00fcckenschmerzen bei langem Sitzen vorzubeugen.<\/p>\n","protected":false},"featured_media":19505,"comment_status":"open","ping_status":"closed","template":"","meta":[],"product_cat":[1647],"product_tag":[1484,1241,1255],"class_list":{"0":"post-19635","1":"product","2":"type-product","3":"status-publish","4":"has-post-thumbnail","6":"product_brand-gaia-de","7":"product_cat-gaia-de","8":"product_tag-esszimmerstuhl","9":"product_tag-kaffee-stuhl","10":"product_tag-restaurant-stuhl","13":"first","14":"instock","15":"shipping-taxable","16":"product-type-simple"},"_links":{"self":[{"href":"https:\/\/harmoor.com\/de\/wp-json\/wp\/v2\/product\/19635","targetHints":{"allow":["GET"]}}],"collection":[{"href":"https:\/\/harmoor.com\/de\/wp-json\/wp\/v2\/product"}],"about":[{"href":"https:\/\/harmoor.com\/de\/wp-json\/wp\/v2\/types\/product"}],"replies":[{"embeddable":true,"href":"https:\/\/harmoor.com\/de\/wp-json\/wp\/v2\/comments?post=19635"}],"version-history":[{"count":0,"href":"https:\/\/harmoor.com\/de\/wp-json\/wp\/v2\/product\/19635\/revisions"}],"wp:featuredmedia":[{"embeddable":true,"href":"https:\/\/harmoor.com\/de\/wp-json\/wp\/v2\/media\/19505"}],"wp:attachment":[{"href":"https:\/\/harmoor.com\/de\/wp-json\/wp\/v2\/media?parent=19635"}],"wp:term":[{"taxonomy":"product_cat","embeddable":true,"href":"https:\/\/harmoor.com\/de\/wp-json\/wp\/v2\/product_cat?post=19635"},{"taxonomy":"product_tag","embeddable":true,"href":"https:\/\/harmoor.com\/de\/wp-json\/wp\/v2\/product_tag?post=19635"}],"curies":[{"name":"wp","href":"https:\/\/api.w.org\/{rel}","templated":true}]}}