{"id":19599,"date":"2022-04-26T15:41:23","date_gmt":"2022-04-26T07:41:23","guid":{"rendered":"https:\/\/harmoor.com\/product\/lary-21\/"},"modified":"2023-11-22T14:11:47","modified_gmt":"2023-11-22T06:11:47","slug":"lary-21","status":"publish","type":"product","link":"https:\/\/harmoor.com\/de\/product\/lary-21\/","title":{"rendered":"lary 21"},"content":{"rendered":"<div class=\"row\">\n<div class=\"col-xl-5 col-lg-5 col-md-6 col-sm-12 col-12\"><img fetchpriority=\"high\" decoding=\"async\" class=\"alignnone size-full wp-image-12104\" src=\"https:\/\/harmoor.com\/wp-content\/uploads\/2022\/04\/chair-lary-21-1.webp\" alt=\"Tisch 21\" width=\"458\" height=\"315\" \/><\/div>\n<div class=\"col-xl-7 col-lg-7 col-md-6 col-sm-12 col-12\">\n<h2><span style=\"vertical-align: inherit;\"><span style=\"vertical-align: inherit;\">BRAND<\/span><\/span><\/h2>\n<p>Die reiche Firmengeschichte von Harmoor reicht bis ins Jahr 1998 zur\u00fcck und begann mit einer kleinen M\u00f6belfabrik. Wir er\u00f6ffneten 2018 unsere Fabrik in Vietnam und wurden zu einer der gr\u00f6\u00dften Kunststoffm\u00f6belfabriken in Vietnam. Derzeit ist Harmoor ein Hersteller und Lieferant von Tisch- und Stuhlm\u00f6beln mit vielen f\u00fchrenden Modellen in Vietnam und in der ganzen Welt.<\/p>\n<p><img decoding=\"async\" class=\"mt-4\" src=\"https:\/\/harmoor.com\/wp-content\/uploads\/2023\/07\/single-product.webp\" alt=\"produkt\" width=\"190\" height=\"30\" \/><\/div>\n<\/div>\n<div class=\"row\">\n<div class=\"col-xl-4 col-lg-4 col-md-4 col-sm-12 col-12 mb-4\">\n<h2><span style=\"vertical-align: inherit;\"><span style=\"vertical-align: inherit;\">PRODUKT INFORMATION<\/span><\/span><\/h2>\n<ul>\n<li>Produkt name: Tisch Lary 21<\/li>\n<li>Tischplatte: MDF<\/li>\n<li>Einrichtung: PP<\/li>\n<li>Design-Stil: Italien<\/li>\n<li>Herkunftsort: Vietnam<\/li>\n<\/ul>\n<\/div>\n<div class=\"col-xl-4 col-lg-4 col-md-4 col-sm-12 col-12 mb-4\">\n<h2><span style=\"vertical-align: inherit;\"><span style=\"vertical-align: inherit;\">GR\u00d6SSE<\/span><\/span><\/h2>\n<ul>\n<li>H\u00f6he: 60cm<\/li>\n<li>Breite: 60cm<\/li>\n<li>Tiefe: 43cm<\/li>\n<li>Gewicht: 4.0KG<\/li>\n<\/ul>\n<\/div>\n<div class=\"col-xl-4 col-lg-4 col-md-4 col-sm-12 col-12 mb-4\">\n<h2><span style=\"vertical-align: inherit;\"><span style=\"vertical-align: inherit;\">BENUTZBARER RAUM<\/span><\/span><\/h2>\n<ul>\n<li>Kaffee haus<\/li>\n<li>Restaurant<\/li>\n<li>Speisesaal<\/li>\n<li>&#8230;.<\/li>\n<\/ul>\n<\/div>\n<\/div>\n","protected":false},"excerpt":{"rendered":"<p>Der Tisch Lary 21 ist eine fantastische Kombination aus Eleganz und Zweckm\u00e4\u00dfigkeit, die sich sowohl f\u00fcr Caf\u00e9s als auch f\u00fcr Essbereiche eignet! Der Lary 21 Tisch hat eine Platte aus hochwertigem MDF-Kunststoff, der f\u00fcr seine Haltbarkeit und glatte Oberfl\u00e4che bekannt ist. Das Gestell aus hochwertigem Kunststoff sorgt f\u00fcr Stabilit\u00e4t und Langlebigkeit und macht ihn zu einer zuverl\u00e4ssigen und robusten Option f\u00fcr Ihr Caf\u00e9 oder Ihren Essbereich. Mit seinem schlichten und minimalistischen Design f\u00fcgt sich der Tisch Lary 21 m\u00fchelos in jede Inneneinrichtung ein. Egal, ob Sie ein modernes oder traditionelles Ambiente haben, dieser Tisch verleiht Sch\u00f6nheit und Eleganz und schafft eine warme und einladende Atmosph\u00e4re f\u00fcr Ihre G\u00e4ste.<\/p>\n","protected":false},"featured_media":18558,"comment_status":"open","ping_status":"closed","template":"","meta":[],"product_cat":[1658],"product_tag":[1674,1675,1673],"class_list":{"0":"post-19599","1":"product","2":"type-product","3":"status-publish","4":"has-post-thumbnail","6":"product_brand-lary-de","7":"product_cat-lary-de","8":"product_tag-couchtisch","9":"product_tag-esstische","10":"product_tag-tische","13":"first","14":"instock","15":"shipping-taxable","16":"product-type-simple"},"_links":{"self":[{"href":"https:\/\/harmoor.com\/de\/wp-json\/wp\/v2\/product\/19599","targetHints":{"allow":["GET"]}}],"collection":[{"href":"https:\/\/harmoor.com\/de\/wp-json\/wp\/v2\/product"}],"about":[{"href":"https:\/\/harmoor.com\/de\/wp-json\/wp\/v2\/types\/product"}],"replies":[{"embeddable":true,"href":"https:\/\/harmoor.com\/de\/wp-json\/wp\/v2\/comments?post=19599"}],"version-history":[{"count":0,"href":"https:\/\/harmoor.com\/de\/wp-json\/wp\/v2\/product\/19599\/revisions"}],"wp:featuredmedia":[{"embeddable":true,"href":"https:\/\/harmoor.com\/de\/wp-json\/wp\/v2\/media\/18558"}],"wp:attachment":[{"href":"https:\/\/harmoor.com\/de\/wp-json\/wp\/v2\/media?parent=19599"}],"wp:term":[{"taxonomy":"product_cat","embeddable":true,"href":"https:\/\/harmoor.com\/de\/wp-json\/wp\/v2\/product_cat?post=19599"},{"taxonomy":"product_tag","embeddable":true,"href":"https:\/\/harmoor.com\/de\/wp-json\/wp\/v2\/product_tag?post=19599"}],"curies":[{"name":"wp","href":"https:\/\/api.w.org\/{rel}","templated":true}]}}