{"id":19496,"date":"2022-04-26T15:41:23","date_gmt":"2022-04-26T07:41:23","guid":{"rendered":"https:\/\/harmoor.com\/product\/lary-11\/"},"modified":"2023-11-22T14:11:45","modified_gmt":"2023-11-22T06:11:45","slug":"lary-11","status":"publish","type":"product","link":"https:\/\/harmoor.com\/de\/product\/lary-11\/","title":{"rendered":"lary 11"},"content":{"rendered":"<div class=\"row\">\n<div class=\"col-xl-5 col-lg-5 col-md-6 col-sm-12 col-12\"><img fetchpriority=\"high\" decoding=\"async\" class=\"alignnone size-full wp-image-12104\" src=\"https:\/\/harmoor.com\/wp-content\/uploads\/2022\/04\/chair-lary-11-2.webp\" alt=\"stuhl lary 11\" width=\"458\" height=\"315\" \/><\/div>\n<div class=\"col-xl-7 col-lg-7 col-md-6 col-sm-12 col-12\">\n<h2><span style=\"vertical-align: inherit;\"><span style=\"vertical-align: inherit;\">BRAND<\/span><\/span><\/h2>\n<p>Die reiche Firmengeschichte von Harmoor reicht bis ins Jahr 1998 zur\u00fcck und begann mit einer kleinen M\u00f6belfabrik. Wir er\u00f6ffneten 2018 unsere Fabrik in Vietnam und wurden zu einer der gr\u00f6\u00dften Kunststoffm\u00f6belfabriken in Vietnam. Derzeit ist Harmoor ein Hersteller und Lieferant von Tisch- und Stuhlm\u00f6beln mit vielen f\u00fchrenden Modellen in Vietnam und in der ganzen Welt.<\/p>\n<p><img decoding=\"async\" class=\"mt-4\" src=\"https:\/\/harmoor.com\/wp-content\/uploads\/2023\/07\/single-product.webp\" alt=\"produkt\" width=\"190\" height=\"30\" \/><\/div>\n<\/div>\n<div class=\"row\">\n<div class=\"col-xl-4 col-lg-4 col-md-4 col-sm-12 col-12 mb-4\">\n<h2><span style=\"vertical-align: inherit;\"><span style=\"vertical-align: inherit;\">PRODUKT INFORMATION<\/span><\/span><\/h2>\n<ul>\n<li>Produkt name: Stuhl Lary 11<\/li>\n<li>Stuhl: Stoff<\/li>\n<li>Material: PP<\/li>\n<li>Design-Stil: Italien<\/li>\n<\/ul>\n<\/div>\n<div class=\"col-xl-4 col-lg-4 col-md-4 col-sm-12 col-12 mb-4\">\n<h2><span style=\"vertical-align: inherit;\"><span style=\"vertical-align: inherit;\">GR\u00d6SSE<\/span><\/span><\/h2>\n<ul>\n<li>H\u00f6he: 44cm<\/li>\n<li>Breite: 42cm<\/li>\n<li>Tiefe: 42cm<\/li>\n<li>Sitzh\u00f6he: 44cm<\/li>\n<li>Gewicht: 3.5Kg<\/li>\n<\/ul>\n<\/div>\n<div class=\"col-xl-4 col-lg-4 col-md-4 col-sm-12 col-12 mb-4\">\n<h2><span style=\"vertical-align: inherit;\"><span style=\"vertical-align: inherit;\">BENUTZBARER RAUM<\/span><\/span><\/h2>\n<ul>\n<li>Kaffee haus<\/li>\n<li>Wohnbereich<\/li>\n<li>Schlafzimmer<\/li>\n<li>&#8230;.<\/li>\n<\/ul>\n<\/div>\n<\/div>\n","protected":false},"excerpt":{"rendered":"<p>Der Stuhl Lary 11 ist ein modernes und praktisches Produkt, das ein bequemes und angenehmes Sitzerlebnis bietet. Die Sitzfl\u00e4che des Stuhls ist mit Stoff gepolstert und bietet den Benutzern ein angenehmes und weiches Gef\u00fchl. Das f\u00fcr den Lary 11 Chair haupts\u00e4chlich verwendete Material ist PP (Polypropylen), das die Langlebigkeit und Robustheit des Produkts gew\u00e4hrleistet. PP ist au\u00dferdem ein leicht zu reinigendes und schmutzabweisendes Material, wodurch der Stuhl sauber und pflegeleicht bleibt. Mit seinem schlichten und raffinierten Design eignet sich der Stuhl Lary 11 f\u00fcr verschiedene R\u00e4ume, von Caf\u00e9s \u00fcber Schlafzimmer und Ankleidezimmer bis hin zu Wohnzimmern. Die Kombination aus stoffgepolstertem Sitz und PP-Material verleiht dem Stuhl ein attraktives und modernes Aussehen.<\/p>\n","protected":false},"featured_media":18544,"comment_status":"open","ping_status":"closed","template":"","meta":[],"product_cat":[1658],"product_tag":[1485,1659,1486],"class_list":{"0":"post-19496","1":"product","2":"type-product","3":"status-publish","4":"has-post-thumbnail","6":"product_brand-lary-de","7":"product_cat-lary-de","8":"product_tag-office-chair-de","9":"product_tag-stuhle-fur-das-schlafzimmer","10":"product_tag-wohnzimmersessel","13":"first","14":"instock","15":"shipping-taxable","16":"product-type-simple"},"_links":{"self":[{"href":"https:\/\/harmoor.com\/de\/wp-json\/wp\/v2\/product\/19496","targetHints":{"allow":["GET"]}}],"collection":[{"href":"https:\/\/harmoor.com\/de\/wp-json\/wp\/v2\/product"}],"about":[{"href":"https:\/\/harmoor.com\/de\/wp-json\/wp\/v2\/types\/product"}],"replies":[{"embeddable":true,"href":"https:\/\/harmoor.com\/de\/wp-json\/wp\/v2\/comments?post=19496"}],"version-history":[{"count":0,"href":"https:\/\/harmoor.com\/de\/wp-json\/wp\/v2\/product\/19496\/revisions"}],"wp:featuredmedia":[{"embeddable":true,"href":"https:\/\/harmoor.com\/de\/wp-json\/wp\/v2\/media\/18544"}],"wp:attachment":[{"href":"https:\/\/harmoor.com\/de\/wp-json\/wp\/v2\/media?parent=19496"}],"wp:term":[{"taxonomy":"product_cat","embeddable":true,"href":"https:\/\/harmoor.com\/de\/wp-json\/wp\/v2\/product_cat?post=19496"},{"taxonomy":"product_tag","embeddable":true,"href":"https:\/\/harmoor.com\/de\/wp-json\/wp\/v2\/product_tag?post=19496"}],"curies":[{"name":"wp","href":"https:\/\/api.w.org\/{rel}","templated":true}]}}