{"id":19491,"date":"2022-04-26T15:41:23","date_gmt":"2022-04-26T07:41:23","guid":{"rendered":"https:\/\/harmoor.com\/product\/gaia-82\/"},"modified":"2024-03-04T18:08:26","modified_gmt":"2024-03-04T10:08:26","slug":"gaia-82","status":"publish","type":"product","link":"https:\/\/harmoor.com\/de\/product\/gaia-82\/","title":{"rendered":"gaia 82"},"content":{"rendered":"<div class=\"row\">\n<div class=\"col-xl-5 col-lg-5 col-md-6 col-sm-12 col-12\"><img fetchpriority=\"high\" decoding=\"async\" class=\"alignnone size-full wp-image-12104\" src=\"https:\/\/harmoor.com\/wp-content\/uploads\/2022\/04\/chair-gaia-82-5.webp\" alt=\"stuhl gaia 82\" width=\"458\" height=\"315\"><\/div>\n<div class=\"col-xl-7 col-lg-7 col-md-6 col-sm-12 col-12\">\n<h2><span style=\"vertical-align: inherit;\"><span style=\"vertical-align: inherit;\">BRAND<\/span><\/span><\/h2>\n<p>Die reiche Firmengeschichte von Harmoor reicht bis ins Jahr 1998 zur\u00fcck und begann mit einer kleinen M\u00f6belfabrik. Wir er\u00f6ffneten 2018 unsere Fabrik in Vietnam und wurden zu einer der gr\u00f6\u00dften Kunststoffm\u00f6belfabriken in Vietnam. Derzeit ist Harmoor ein Hersteller und Lieferant von Tisch- und Stuhlm\u00f6beln mit vielen f\u00fchrenden Modellen in Vietnam und in der ganzen Welt.<\/p>\n<p><img decoding=\"async\" class=\"mt-4\" src=\"https:\/\/harmoor.com\/wp-content\/uploads\/2023\/07\/single-product.webp\" alt=\"produkt\" width=\"190\" height=\"30\"><\/div>\n<\/div>\n<div class=\"row\">\n<div class=\"col-xl-4 col-lg-4 col-md-4 col-sm-12 col-12 mb-4\">\n<h2><span style=\"vertical-align: inherit;\"><span style=\"vertical-align: inherit;\">PRODUKT INFORMATION<\/span><\/span><\/h2>\n<ul>\n<li>Produkt name: Stuhl Gaia 82<\/li>\n<li>Sitz: PP+ Stoff<\/li>\n<li>R\u00fcckenkissen: PP<\/li>\n<li>Rahmen: Aluminium<\/li>\n<li>Design-Stil: Italien<\/li>\n<\/ul>\n<\/div>\n<div class=\"col-xl-4 col-lg-4 col-md-4 col-sm-12 col-12 mb-4\">\n<h2><span style=\"vertical-align: inherit;\"><span style=\"vertical-align: inherit;\">GR\u00d6SSE<\/span><\/span><\/h2>\n<ul>\n<li>H\u00f6he: 80cm<\/li>\n<li>Breite: 46cm<\/li>\n<li>Tiefe: 46cm<\/li>\n<li>Sitzh\u00f6he: 45cm<\/li>\n<li>Gewicht: 5.0Kg<\/li>\n<\/ul>\n<\/div>\n<div class=\"col-xl-4 col-lg-4 col-md-4 col-sm-12 col-12 mb-4\">\n<h2><span style=\"vertical-align: inherit;\"><span style=\"vertical-align: inherit;\">BENUTZBARER RAUM<\/span><\/span><\/h2>\n<ul>\n<li>Tagungsraum<\/li>\n<li>Wohnbereich<\/li>\n<li>Speisesaal<\/li>\n<li>B\u00fcro<\/li>\n<li>&#8230;.<\/li>\n<\/ul>\n<\/div>\n<\/div>\n","protected":false},"excerpt":{"rendered":"<p>Der Gaia 82 Chair ist ein vielseitiges und stilvolles Produkt, das Ihr Sitzerlebnis bereichert. Mit einer Kombination aus Stoff und PP (Polypropylen) bietet die Sitzfl\u00e4che des Stuhls Gaia 82 eine bequeme und st\u00fctzende Oberfl\u00e4che. Die R\u00fcckenlehne des Stuhls besteht ebenfalls aus PP und bietet zus\u00e4tzlichen Halt und sorgt f\u00fcr eine korrekte K\u00f6rperhaltung bei l\u00e4ngerem Sitzen. Die Verwendung von PP f\u00fcr Sitz und R\u00fcckenlehne macht den Stuhl Gaia 82 langlebig und leicht zu reinigen. Das Gestell des Stuhls ist aus leichtem und robustem Aluminium gefertigt, was dem Gesamtdesign St\u00e4rke und Stabilit\u00e4t verleiht. Der Aluminiumrahmen sorgt nicht nur f\u00fcr Langlebigkeit, sondern auch daf\u00fcr, dass sich der Gaia 82 Stuhl leicht bewegen und transportieren l\u00e4sst. Der Gaia 82 Chair ist eine perfekte Wahl f\u00fcr verschiedene Umgebungen, sei es ein modernes B\u00fcro. Die Kombination aus Stoff, PP und Aluminium sorgt f\u00fcr einen modernen und eleganten Look, der jeden Raum erg\u00e4nzt.<\/p>\n","protected":false},"featured_media":18632,"comment_status":"open","ping_status":"closed","template":"","meta":[],"product_cat":[1647],"product_tag":[1484,1485,1651,1486],"class_list":{"0":"post-19491","1":"product","2":"type-product","3":"status-publish","4":"has-post-thumbnail","6":"product_brand-gaia-de","7":"product_cat-gaia-de","8":"product_tag-esszimmerstuhl","9":"product_tag-office-chair-de","10":"product_tag-stuhle-fur-tagungsraume","11":"product_tag-wohnzimmersessel","14":"first","15":"instock","16":"shipping-taxable","17":"product-type-simple"},"_links":{"self":[{"href":"https:\/\/harmoor.com\/de\/wp-json\/wp\/v2\/product\/19491","targetHints":{"allow":["GET"]}}],"collection":[{"href":"https:\/\/harmoor.com\/de\/wp-json\/wp\/v2\/product"}],"about":[{"href":"https:\/\/harmoor.com\/de\/wp-json\/wp\/v2\/types\/product"}],"replies":[{"embeddable":true,"href":"https:\/\/harmoor.com\/de\/wp-json\/wp\/v2\/comments?post=19491"}],"version-history":[{"count":0,"href":"https:\/\/harmoor.com\/de\/wp-json\/wp\/v2\/product\/19491\/revisions"}],"wp:featuredmedia":[{"embeddable":true,"href":"https:\/\/harmoor.com\/de\/wp-json\/wp\/v2\/media\/18632"}],"wp:attachment":[{"href":"https:\/\/harmoor.com\/de\/wp-json\/wp\/v2\/media?parent=19491"}],"wp:term":[{"taxonomy":"product_cat","embeddable":true,"href":"https:\/\/harmoor.com\/de\/wp-json\/wp\/v2\/product_cat?post=19491"},{"taxonomy":"product_tag","embeddable":true,"href":"https:\/\/harmoor.com\/de\/wp-json\/wp\/v2\/product_tag?post=19491"}],"curies":[{"name":"wp","href":"https:\/\/api.w.org\/{rel}","templated":true}]}}