{"id":19455,"date":"2022-04-26T15:41:24","date_gmt":"2022-04-26T07:41:24","guid":{"rendered":"https:\/\/harmoor.com\/product\/gaia-71\/"},"modified":"2023-11-22T14:11:35","modified_gmt":"2023-11-22T06:11:35","slug":"gaia-71","status":"publish","type":"product","link":"https:\/\/harmoor.com\/de\/product\/gaia-71\/","title":{"rendered":"gaia 71"},"content":{"rendered":"<div class=\"row\">\n<div class=\"col-xl-5 col-lg-5 col-md-6 col-sm-12 col-12\"><img fetchpriority=\"high\" decoding=\"async\" class=\"alignnone size-full wp-image-12104\" src=\"https:\/\/harmoor.com\/wp-content\/uploads\/2022\/04\/chair-gaia-71-8.webp\" alt=\"stuhl gaia 71\" width=\"458\" height=\"315\"><\/div>\n<div class=\"col-xl-7 col-lg-7 col-md-6 col-sm-12 col-12\">\n<h2><span style=\"vertical-align: inherit;\"><span style=\"vertical-align: inherit;\">BRAND<\/span><\/span><\/h2>\n<p>Die reiche Firmengeschichte von Harmoor reicht bis ins Jahr 1998 zur\u00fcck und begann mit einer kleinen M\u00f6belfabrik. Wir er\u00f6ffneten 2018 unsere Fabrik in Vietnam und wurden zu einer der gr\u00f6\u00dften Kunststoffm\u00f6belfabriken in Vietnam. Derzeit ist Harmoor ein Hersteller und Lieferant von Tisch- und Stuhlm\u00f6beln mit vielen f\u00fchrenden Modellen in Vietnam und in der ganzen Welt.<\/p>\n<p><img decoding=\"async\" class=\"mt-4\" src=\"https:\/\/harmoor.com\/wp-content\/uploads\/2023\/07\/single-product.webp\" alt=\"produkt\" width=\"190\" height=\"30\"><\/div>\n<\/div>\n<div class=\"row\">\n<div class=\"col-xl-4 col-lg-4 col-md-4 col-sm-12 col-12 mb-4\">\n<h2><span style=\"vertical-align: inherit;\"><span style=\"vertical-align: inherit;\">PRODUKT INFORMATION<\/span><\/span><\/h2>\n<ul>\n<li>Modell name: Stuhl Gaia 71<\/li>\n<li>Sitz und R\u00fcckenlehne: PP<\/li>\n<li>Rahmen: Aluminium<\/li>\n<li>Design-Stil: Italien<\/li>\n<\/ul>\n<\/div>\n<div class=\"col-xl-4 col-lg-4 col-md-4 col-sm-12 col-12 mb-4\">\n<h2><span style=\"vertical-align: inherit;\"><span style=\"vertical-align: inherit;\">GR\u00d6SSE<\/span><\/span><\/h2>\n<ul>\n<li>H\u00f6he: 80cm<\/li>\n<li>Breite: 46cm<\/li>\n<li>Tiefe: 46cm<\/li>\n<li>Sitzh\u00f6he: 45cm<\/li>\n<li>Gewicht: 4.5Kg<\/li>\n<\/ul>\n<\/div>\n<div class=\"col-xl-4 col-lg-4 col-md-4 col-sm-12 col-12 mb-4\">\n<h2><span style=\"vertical-align: inherit;\"><span style=\"vertical-align: inherit;\">BENUTZBARER RAUM<\/span><\/span><\/h2>\n<ul>\n<li>Sitzungssaal<\/li>\n<li>Wohnbereich<\/li>\n<li>B\u00fcro<\/li>\n<li>&#8230;.<\/li>\n<\/ul>\n<\/div>\n<\/div>\n","protected":false},"excerpt":{"rendered":"<p>Gaia 71 B\u00fcrostuhl mit jugendlichem und praktischem Design, einfach aber nicht weniger delikat. Mit der R\u00fcckenlehne aus hochwertigem, aus Italien importiertem Kunststoff und den Stuhlbeinen aus robustem und hochwertigem Aluminiummaterial und dauerhafter elektrostatischer Lackierung erhalten Sie ein Produkt, das sowohl modisch, robust und echt ist. Dar\u00fcber hinaus gibt es auch eine Erh\u00f6hung des Sitzkissens, so dass Sie die Bed\u00fcrfnisse jeder Person, die dieses Produkt benutzt, leicht anpassen k\u00f6nnen.<\/p>\n","protected":false},"featured_media":18621,"comment_status":"open","ping_status":"closed","template":"","meta":[],"product_cat":[1647],"product_tag":[1485,1651,1486],"class_list":{"0":"post-19455","1":"product","2":"type-product","3":"status-publish","4":"has-post-thumbnail","6":"product_brand-gaia-de","7":"product_cat-gaia-de","8":"product_tag-office-chair-de","9":"product_tag-stuhle-fur-tagungsraume","10":"product_tag-wohnzimmersessel","13":"first","14":"instock","15":"shipping-taxable","16":"product-type-simple"},"_links":{"self":[{"href":"https:\/\/harmoor.com\/de\/wp-json\/wp\/v2\/product\/19455","targetHints":{"allow":["GET"]}}],"collection":[{"href":"https:\/\/harmoor.com\/de\/wp-json\/wp\/v2\/product"}],"about":[{"href":"https:\/\/harmoor.com\/de\/wp-json\/wp\/v2\/types\/product"}],"replies":[{"embeddable":true,"href":"https:\/\/harmoor.com\/de\/wp-json\/wp\/v2\/comments?post=19455"}],"version-history":[{"count":0,"href":"https:\/\/harmoor.com\/de\/wp-json\/wp\/v2\/product\/19455\/revisions"}],"wp:featuredmedia":[{"embeddable":true,"href":"https:\/\/harmoor.com\/de\/wp-json\/wp\/v2\/media\/18621"}],"wp:attachment":[{"href":"https:\/\/harmoor.com\/de\/wp-json\/wp\/v2\/media?parent=19455"}],"wp:term":[{"taxonomy":"product_cat","embeddable":true,"href":"https:\/\/harmoor.com\/de\/wp-json\/wp\/v2\/product_cat?post=19455"},{"taxonomy":"product_tag","embeddable":true,"href":"https:\/\/harmoor.com\/de\/wp-json\/wp\/v2\/product_tag?post=19455"}],"curies":[{"name":"wp","href":"https:\/\/api.w.org\/{rel}","templated":true}]}}