{"id":19369,"date":"2022-04-26T15:41:23","date_gmt":"2022-04-26T07:41:23","guid":{"rendered":"https:\/\/harmoor.com\/product\/gaia-31\/"},"modified":"2024-07-14T18:07:21","modified_gmt":"2024-07-14T10:07:21","slug":"gaia-31","status":"publish","type":"product","link":"https:\/\/harmoor.com\/de\/product\/gaia-31\/","title":{"rendered":"gaia 31"},"content":{"rendered":"<div class=\"row\">\n<div class=\"col-xl-5 col-lg-5 col-md-6 col-sm-12 col-12\"><img fetchpriority=\"high\" decoding=\"async\" class=\"alignnone size-full wp-image-12104\" src=\"https:\/\/harmoor.com\/wp-content\/uploads\/2022\/04\/chair-gaia-31-4.webp\" alt=\"stuhl gaia 31\" width=\"458\" height=\"315\"><\/div>\n<div class=\"col-xl-7 col-lg-7 col-md-6 col-sm-12 col-12\">\n<h2><span style=\"vertical-align: inherit;\"><span style=\"vertical-align: inherit;\">BRAND<\/span><\/span><\/h2>\n<p>Die reiche Firmengeschichte von Harmoor reicht bis ins Jahr 1998 zur\u00fcck und begann mit einer kleinen M\u00f6belfabrik. Wir er\u00f6ffneten 2018 unsere Fabrik in Vietnam und wurden zu einer der gr\u00f6\u00dften Kunststoffm\u00f6belfabriken in Vietnam. Derzeit ist Harmoor ein Hersteller und Lieferant von Tisch- und Stuhlm\u00f6beln mit vielen f\u00fchrenden Modellen in Vietnam und in der ganzen Welt.<\/p>\n<p><img decoding=\"async\" class=\"mt-4\" src=\"https:\/\/harmoor.com\/wp-content\/uploads\/2023\/07\/single-product.webp\" alt=\"produkt\" width=\"190\" height=\"30\"><\/div>\n<\/div>\n<div class=\"row\">\n<div class=\"col-xl-4 col-lg-4 col-md-4 col-sm-12 col-12 mb-4\">\n<h2><span style=\"vertical-align: inherit;\"><span style=\"vertical-align: inherit;\">PRODUKT INFORMATION<\/span><\/span><\/h2>\n<ul>\n<li>Produkt name: Stuhl Gaia 31<\/li>\n<li>Sitz und R\u00fcckenlehne: PP<\/li>\n<li>Rahmen: Pulverbeschichteter Stahl<\/li>\n<li>Design-Stil: Italien<\/li>\n<li>Herkunftsort: Vietnam<\/li>\n<\/ul>\n<\/div>\n<div class=\"col-xl-4 col-lg-4 col-md-4 col-sm-12 col-12 mb-4\">\n<h2><span style=\"vertical-align: inherit;\"><span style=\"vertical-align: inherit;\">GR\u00d6SSE<\/span><\/span><\/h2>\n<ul>\n<li>H\u00f6he: 80cm<\/li>\n<li>Breite: 46cm<\/li>\n<li>Tiefe: 46cm<\/li>\n<li>Sitzh\u00f6he: 45cm<\/li>\n<li>Gewicht: 4.0Kg<\/li>\n<\/ul>\n<\/div>\n<div class=\"col-xl-4 col-lg-4 col-md-4 col-sm-12 col-12 mb-4\">\n<h2><span style=\"vertical-align: inherit;\"><span style=\"vertical-align: inherit;\">BENUTZBARER RAUM<\/span><\/span><\/h2>\n<ul>\n<li>Kaffee haus<\/li>\n<li>Restaurant<\/li>\n<li>Speisesaal<\/li>\n<li>&#8230;.<\/li>\n<\/ul>\n<\/div>\n<\/div>\n","protected":false},"excerpt":{"rendered":"<p>Der Gaia 31 Chair ist ein Premium-Produkt mit einem eleganten Design und hochwertigen Materialien. Der Stuhl Gaia 31 ist mit einer Sitzfl\u00e4che und R\u00fcckenlehne aus Kunststoff ausgestattet und bietet hervorragenden Komfort und Halt. Die Stuhlbeine sind aus strapazierf\u00e4higem, pulverbeschichtetem Stahl gefertigt und garantieren Langlebigkeit und Stabilit\u00e4t. Die Stahlkonstruktion verleiht dem Stuhl Gaia 31 St\u00e4rke und Zuverl\u00e4ssigkeit, so dass er f\u00fcr den t\u00e4glichen Gebrauch geeignet ist. Not only does the Gaia 31 chair offer comfort, but it also boasts a modern and aesthetic design. Die Kombination aus Kunststoff und pulverbeschichtetem Stahl verleiht jedem Wohnbereich einen einzigartigen und stilvollen Look.<\/p>\n","protected":false},"featured_media":18671,"comment_status":"open","ping_status":"closed","template":"","meta":[],"product_cat":[1647],"product_tag":[1484,1241,1255],"class_list":{"0":"post-19369","1":"product","2":"type-product","3":"status-publish","4":"has-post-thumbnail","6":"product_brand-gaia-de","7":"product_cat-gaia-de","8":"product_tag-esszimmerstuhl","9":"product_tag-kaffee-stuhl","10":"product_tag-restaurant-stuhl","13":"first","14":"instock","15":"shipping-taxable","16":"product-type-simple"},"_links":{"self":[{"href":"https:\/\/harmoor.com\/de\/wp-json\/wp\/v2\/product\/19369","targetHints":{"allow":["GET"]}}],"collection":[{"href":"https:\/\/harmoor.com\/de\/wp-json\/wp\/v2\/product"}],"about":[{"href":"https:\/\/harmoor.com\/de\/wp-json\/wp\/v2\/types\/product"}],"replies":[{"embeddable":true,"href":"https:\/\/harmoor.com\/de\/wp-json\/wp\/v2\/comments?post=19369"}],"version-history":[{"count":0,"href":"https:\/\/harmoor.com\/de\/wp-json\/wp\/v2\/product\/19369\/revisions"}],"wp:featuredmedia":[{"embeddable":true,"href":"https:\/\/harmoor.com\/de\/wp-json\/wp\/v2\/media\/18671"}],"wp:attachment":[{"href":"https:\/\/harmoor.com\/de\/wp-json\/wp\/v2\/media?parent=19369"}],"wp:term":[{"taxonomy":"product_cat","embeddable":true,"href":"https:\/\/harmoor.com\/de\/wp-json\/wp\/v2\/product_cat?post=19369"},{"taxonomy":"product_tag","embeddable":true,"href":"https:\/\/harmoor.com\/de\/wp-json\/wp\/v2\/product_tag?post=19369"}],"curies":[{"name":"wp","href":"https:\/\/api.w.org\/{rel}","templated":true}]}}