{"id":19256,"date":"2022-04-26T15:41:21","date_gmt":"2022-04-26T07:41:21","guid":{"rendered":"https:\/\/harmoor.com\/product\/circus-11\/"},"modified":"2023-11-22T14:12:00","modified_gmt":"2023-11-22T06:12:00","slug":"circus-11","status":"publish","type":"product","link":"https:\/\/harmoor.com\/de\/product\/circus-11\/","title":{"rendered":"circus 11"},"content":{"rendered":"<div class=\"row\">\n<div class=\"col-xl-5 col-lg-5 col-md-6 col-sm-12 col-12\"><img fetchpriority=\"high\" decoding=\"async\" class=\"alignnone size-full wp-image-12104\" src=\"https:\/\/harmoor.com\/wp-content\/uploads\/2022\/04\/chair-circus-11-6.webp\" alt=\"stuhl circus 11\" width=\"458\" height=\"315\" \/><\/div>\n<div class=\"col-xl-7 col-lg-7 col-md-6 col-sm-12 col-12\">\n<h2><span style=\"vertical-align: inherit;\"><span style=\"vertical-align: inherit;\">BRAND<\/span><\/span><\/h2>\n<p>Die reiche Firmengeschichte von Harmoor reicht bis ins Jahr 1998 zur\u00fcck und begann mit einer kleinen M\u00f6belfabrik. Wir er\u00f6ffneten 2018 unsere Fabrik in Vietnam und wurden zu einer der gr\u00f6\u00dften Kunststoffm\u00f6belfabriken in Vietnam. Derzeit ist Harmoor ein Hersteller und Lieferant von Tisch- und Stuhlm\u00f6beln mit vielen f\u00fchrenden Modellen in Vietnam und in der ganzen Welt.<\/p>\n<p><img decoding=\"async\" class=\"mt-4\" src=\"https:\/\/harmoor.com\/wp-content\/uploads\/2023\/07\/single-product.webp\" alt=\"ein-produkt\" width=\"190\" height=\"30\" \/><\/div>\n<\/div>\n<div class=\"row\">\n<div class=\"col-xl-4 col-lg-4 col-md-4 col-sm-12 col-12 mb-4\">\n<h2><span style=\"vertical-align: inherit;\"><span style=\"vertical-align: inherit;\">PRODUKTANGABEN<\/span><\/span><\/h2>\n<ul>\n<li>Produktname: Stuhl Circus 11<\/li>\n<li>Sitz und R\u00fccken lehne: PP<\/li>\n<li>Design-Stil: Italien<\/li>\n<\/ul>\n<\/div>\n<div class=\"col-xl-4 col-lg-4 col-md-4 col-sm-12 col-12 mb-4\">\n<h2><span style=\"vertical-align: inherit;\"><span style=\"vertical-align: inherit;\">GR\u00d6SSE<\/span><\/span><\/h2>\n<ul>\n<li>H\u00f6he: 82cm<\/li>\n<li>Breite: 41cm<\/li>\n<li>L\u00e4nge: 46cm<\/li>\n<li>Sitzh\u00f6he: 45cm<\/li>\n<li>Gewicht: 4,0kg<\/li>\n<\/ul>\n<\/div>\n<div class=\"col-xl-4 col-lg-4 col-md-4 col-sm-12 col-12 mb-4\">\n<h2><span style=\"vertical-align: inherit;\"><span style=\"vertical-align: inherit;\">BENUTZBARER RAUM<\/span><\/span><\/h2>\n<ul>\n<li>Kaffee haus<\/li>\n<li>Restaurant<\/li>\n<li>Speisesaal<\/li>\n<li>&#8230;.<\/li>\n<\/ul>\n<\/div>\n<\/div>\n","protected":false},"excerpt":{"rendered":"<p>Der Stuhl Circus 11 zeichnet sich durch ein einzigartiges Design mit sanften Kurven und einer st\u00fctzenden R\u00fcckenlehne aus, die dem Sitzenden maximalen Komfort bietet. Er besteht aus hochwertigem, wasserfestem Kunststoff und ist leicht zu reinigen und zu pflegen. Auch der Stuhl Circus 11 setzt mit seinem verspielten Blumenmuster und den leuchtenden Farben einen k\u00fcnstlerischen Akzent. Durch seine Vielseitigkeit eignet er sich f\u00fcr verschiedene R\u00e4ume wie das Wohnzimmer, die K\u00fcche, den Garten oder jede andere Inneneinrichtung. Der Stuhl Circus 11 ist die perfekte Wahl, um Ihren Wohnbereich zu versch\u00f6nern.<\/p>\n","protected":false},"featured_media":18601,"comment_status":"open","ping_status":"closed","template":"","meta":[],"product_cat":[1645],"product_tag":[1484,1241,1255],"class_list":{"0":"post-19256","1":"product","2":"type-product","3":"status-publish","4":"has-post-thumbnail","6":"product_brand-circus-de","7":"product_cat-circus-de","8":"product_tag-esszimmerstuhl","9":"product_tag-kaffee-stuhl","10":"product_tag-restaurant-stuhl","13":"first","14":"instock","15":"shipping-taxable","16":"product-type-simple"},"_links":{"self":[{"href":"https:\/\/harmoor.com\/de\/wp-json\/wp\/v2\/product\/19256","targetHints":{"allow":["GET"]}}],"collection":[{"href":"https:\/\/harmoor.com\/de\/wp-json\/wp\/v2\/product"}],"about":[{"href":"https:\/\/harmoor.com\/de\/wp-json\/wp\/v2\/types\/product"}],"replies":[{"embeddable":true,"href":"https:\/\/harmoor.com\/de\/wp-json\/wp\/v2\/comments?post=19256"}],"version-history":[{"count":0,"href":"https:\/\/harmoor.com\/de\/wp-json\/wp\/v2\/product\/19256\/revisions"}],"wp:featuredmedia":[{"embeddable":true,"href":"https:\/\/harmoor.com\/de\/wp-json\/wp\/v2\/media\/18601"}],"wp:attachment":[{"href":"https:\/\/harmoor.com\/de\/wp-json\/wp\/v2\/media?parent=19256"}],"wp:term":[{"taxonomy":"product_cat","embeddable":true,"href":"https:\/\/harmoor.com\/de\/wp-json\/wp\/v2\/product_cat?post=19256"},{"taxonomy":"product_tag","embeddable":true,"href":"https:\/\/harmoor.com\/de\/wp-json\/wp\/v2\/product_tag?post=19256"}],"curies":[{"name":"wp","href":"https:\/\/api.w.org\/{rel}","templated":true}]}}