{"id":19250,"date":"2022-04-26T15:41:22","date_gmt":"2022-04-26T07:41:22","guid":{"rendered":"https:\/\/harmoor.com\/product\/amelie-11\/"},"modified":"2023-11-22T14:11:58","modified_gmt":"2023-11-22T06:11:58","slug":"amelie-11","status":"publish","type":"product","link":"https:\/\/harmoor.com\/de\/product\/amelie-11\/","title":{"rendered":"amelie 11"},"content":{"rendered":"<div class=\"row\">\n<div class=\"col-xl-5 col-lg-5 col-md-6 col-sm-12 col-12\"><img fetchpriority=\"high\" decoding=\"async\" class=\"alignnone size-full wp-image-12104\" src=\"https:\/\/harmoor.com\/wp-content\/uploads\/2022\/04\/chair-amelie-11-12.webp\" alt=\"stuhl amelie 11\" width=\"458\" height=\"315\"><\/div>\n<div class=\"col-xl-7 col-lg-7 col-md-6 col-sm-12 col-12\">\n<h2><span style=\"vertical-align: inherit;\"><span style=\"vertical-align: inherit;\">BRAND<\/span><\/span><\/h2>\n<p>Die reiche Firmengeschichte von Harmoor reicht bis ins Jahr 1998 zur\u00fcck und begann mit einer kleinen M\u00f6belfabrik. Wir er\u00f6ffneten 2018 unsere Fabrik in Vietnam und wurden zu einer der gr\u00f6\u00dften Kunststoffm\u00f6belfabriken in Vietnam. Derzeit ist Harmoor ein Hersteller und Lieferant von Tisch- und Stuhlm\u00f6beln mit vielen f\u00fchrenden Modellen in Vietnam und in der ganzen Welt.<\/p>\n<p><img decoding=\"async\" class=\"mt-4\" src=\"https:\/\/harmoor.com\/wp-content\/uploads\/2023\/07\/single-product.webp\" alt=\"produkt\" width=\"190\" height=\"30\"><\/div>\n<\/div>\n<div class=\"row\">\n<div class=\"col-xl-4 col-lg-4 col-md-4 col-sm-12 col-12 mb-4\">\n<h2><span style=\"vertical-align: inherit;\"><span style=\"vertical-align: inherit;\"><span style=\"vertical-align: inherit;\"><span style=\"vertical-align: inherit;\"><span style=\"vertical-align: inherit;\"><span style=\"vertical-align: inherit;\">PRODUKT INFORMATION<\/span><\/span><\/span><\/span><\/span><\/span><\/h2>\n<ul>\n<li>Produktname: Stuhl Amelie 11<\/li>\n<li>Material: Stahlrahmen + PP-Kunststoff<\/li>\n<li>Design-Stil: Italienisch<\/li>\n<li>Herkunftsort: Vietnam<\/li>\n<\/ul>\n<\/div>\n<div class=\"col-xl-4 col-lg-4 col-md-4 col-sm-12 col-12 mb-4\">\n<h2><span style=\"vertical-align: inherit;\"><span style=\"vertical-align: inherit;\"><span style=\"vertical-align: inherit;\"><span style=\"vertical-align: inherit;\"><span style=\"vertical-align: inherit;\"><span style=\"vertical-align: inherit;\">GR\u00d6SSE<\/span><\/span><\/span><\/span><\/span><\/span><\/h2>\n<ul>\n<li>H\u00f6he: 82cm<\/li>\n<li>Breite: 42cm<\/li>\n<li>Tiefe: 43cm<\/li>\n<li>Sitzh\u00f6he: 45cm<\/li>\n<\/ul>\n<\/div>\n<div class=\"col-xl-4 col-lg-4 col-md-4 col-sm-12 col-12 mb-4\">\n<h2><span style=\"vertical-align: inherit;\"><span style=\"vertical-align: inherit;\"><span style=\"vertical-align: inherit;\"><span style=\"vertical-align: inherit;\"><span style=\"vertical-align: inherit;\"><span style=\"vertical-align: inherit;\">BENUTZBARER RAUM<\/span><\/span><\/span><\/span><\/span><\/span><\/h2>\n<ul>\n<li>Kaffee haus<\/li>\n<li>Restaurant<\/li>\n<li>Speisesaal<\/li>\n<li>&#8230;.<\/li>\n<\/ul>\n<\/div>\n<\/div>\n","protected":false},"excerpt":{"rendered":"<p>Ein sch\u00f6nes Modell der ber\u00fchmten M\u00f6belfirma Harmoor Italia. Mit einer Kombination aus hochwertiger PP-Kunststoffoberfl\u00e4che in Verbindung mit pulverbeschichteten Eisenf\u00fc\u00dfen f\u00fcr absoluten Blitzschutz. Das neue Design macht einen starken Eindruck auf diesen Stuhl. Die Struktur des Stuhls Amelie 11 besteht aus 3 Hauptkomponenten: der Fu\u00dfst\u00fctze, dem Sitz und der Verbindung zwischen den Beinen und dem Sitz. Diese Teile sind separat konzipiert und durch ein Schraubensystem miteinander verbunden. Dies ist ein sch\u00f6nes Esszimmerstuhl Modell aus wasserfesten Materialien, so dass Sie es f\u00fcr beide Raum und im Freien verwenden k\u00f6nnen. Neben der Funktion eines Esszimmerstuhls k\u00f6nnen Sie ihn auch als Stuhl f\u00fcr ein luxuri\u00f6ses Caf\u00e9, einen Restaurantstuhl, einen Stuhl f\u00fcr den Au\u00dfenbereich, &#8230; verwenden.<\/p>\n","protected":false},"featured_media":18262,"comment_status":"open","ping_status":"closed","template":"","meta":[],"product_cat":[1638],"product_tag":[1484,1639,1241],"class_list":{"0":"post-19250","1":"product","2":"type-product","3":"status-publish","4":"has-post-thumbnail","6":"product_brand-amelie-de","7":"product_cat-amelie-de","8":"product_tag-esszimmerstuhl","9":"product_tag-esszimmerstuhl-de","10":"product_tag-kaffee-stuhl","13":"first","14":"instock","15":"shipping-taxable","16":"product-type-simple"},"_links":{"self":[{"href":"https:\/\/harmoor.com\/de\/wp-json\/wp\/v2\/product\/19250","targetHints":{"allow":["GET"]}}],"collection":[{"href":"https:\/\/harmoor.com\/de\/wp-json\/wp\/v2\/product"}],"about":[{"href":"https:\/\/harmoor.com\/de\/wp-json\/wp\/v2\/types\/product"}],"replies":[{"embeddable":true,"href":"https:\/\/harmoor.com\/de\/wp-json\/wp\/v2\/comments?post=19250"}],"version-history":[{"count":1,"href":"https:\/\/harmoor.com\/de\/wp-json\/wp\/v2\/product\/19250\/revisions"}],"predecessor-version":[{"id":20801,"href":"https:\/\/harmoor.com\/de\/wp-json\/wp\/v2\/product\/19250\/revisions\/20801"}],"wp:featuredmedia":[{"embeddable":true,"href":"https:\/\/harmoor.com\/de\/wp-json\/wp\/v2\/media\/18262"}],"wp:attachment":[{"href":"https:\/\/harmoor.com\/de\/wp-json\/wp\/v2\/media?parent=19250"}],"wp:term":[{"taxonomy":"product_cat","embeddable":true,"href":"https:\/\/harmoor.com\/de\/wp-json\/wp\/v2\/product_cat?post=19250"},{"taxonomy":"product_tag","embeddable":true,"href":"https:\/\/harmoor.com\/de\/wp-json\/wp\/v2\/product_tag?post=19250"}],"curies":[{"name":"wp","href":"https:\/\/api.w.org\/{rel}","templated":true}]}}