{"id":19053,"date":"2023-03-22T12:53:24","date_gmt":"2023-03-22T04:53:24","guid":{"rendered":"https:\/\/harmoor.com\/product\/lido-3029a\/"},"modified":"2024-11-16T18:09:47","modified_gmt":"2024-11-16T10:09:47","slug":"stuhl-lido-3029a","status":"publish","type":"product","link":"https:\/\/harmoor.com\/de\/product\/stuhl-lido-3029a\/","title":{"rendered":"Niagara 3029a"},"content":{"rendered":"<div class=\"row\">\n<div class=\"col-xl-5 col-lg-5 col-md-6 col-sm-12 col-12\"><img fetchpriority=\"high\" decoding=\"async\" class=\"alignnone size-full wp-image-12104\" src=\"https:\/\/harmoor.com\/wp-content\/uploads\/2023\/03\/chair-lido-3029a-4.webp\" alt=\"\" width=\"458\" height=\"315\"><\/div>\n<div class=\"col-xl-7 col-lg-7 col-md-6 col-sm-12 col-12\">\n<h2><span style=\"vertical-align: inherit;\"><span style=\"vertical-align: inherit;\">BRAND<\/span><\/span><\/h2>\n<p>Die reiche Firmengeschichte von Harmoor reicht bis ins Jahr 1998 zur\u00fcck und begann mit einer kleinen M\u00f6belfabrik. Wir er\u00f6ffneten 2018 unsere Fabrik in Vietnam und wurden zu einer der gr\u00f6\u00dften Kunststoffm\u00f6belfabriken in Vietnam. Derzeit ist Harmoor ein Hersteller und Lieferant von Tisch- und Stuhlm\u00f6beln mit vielen f\u00fchrenden Modellen in Vietnam und in der ganzen Welt.<\/p>\n<p><img decoding=\"async\" class=\"mt-4\" src=\"https:\/\/harmoor.com\/wp-content\/uploads\/2023\/07\/single-product.webp\" alt=\"produkt\" width=\"190\" height=\"30\"><\/p>\n<\/div>\n<\/div>\n<div class=\"row\">\n<div class=\"col-xl-4 col-lg-4 col-md-4 col-sm-12 col-12 mb-4\">\n<h2><span style=\"vertical-align: inherit;\"><span style=\"vertical-align: inherit;\">PRODUKT INFORMATION<\/span><\/span><\/h2>\n<ul>\n<li>Produkt name: Stuhl Niagara 3029A<\/li>\n<li>Sitz und R\u00fccken lehne: PP<\/li>\n<li>Design-Stil: Italien<\/li>\n<li>Herkunftsort: Vietnam<\/li>\n<\/ul>\n<\/div>\n<div class=\"col-xl-4 col-lg-4 col-md-4 col-sm-12 col-12 mb-4\">\n<h2><span style=\"vertical-align: inherit;\"><span style=\"vertical-align: inherit;\">GR\u00d6SSE<\/span><\/span><\/h2>\n<ul>\n<li>H\u00f6he: 66cm<\/li>\n<li>Tiefe: 56cm<\/li>\n<li>Breite: 41cm<\/li>\n<li>Sitzh\u00f6he: 44 cm<\/li>\n<\/ul>\n<\/div>\n<div class=\"col-xl-4 col-lg-4 col-md-4 col-sm-12 col-12 mb-4\">\n<h2><span style=\"vertical-align: inherit;\"><span style=\"vertical-align: inherit;\">BENUTZBARER RAUM<\/span><\/span><\/h2>\n<ul>\n<li>Kaffee haus<\/li>\n<li>Restaurant<\/li>\n<li>Garten<\/li>\n<li>Bar<\/li>\n<\/ul>\n<\/div>\n<\/div>\n","protected":false},"excerpt":{"rendered":"<p>Der Niagara 3029A Plastic Chair ist eine erstklassige Sitzgelegenheit aus hochwertigem Kunststoff. Das schlichte und elegante Design verleiht jedem Raum Raffinesse, egal ob es sich um ein Restaurant, einen Balkon, einen Au\u00dfenbereich oder ein Esszimmer handelt, graden. Dank seiner Langlebigkeit und Wasserdichtigkeit ist dieser Stuhl sowohl f\u00fcr den Innen- als auch f\u00fcr den Au\u00dfenbereich geeignet. Seine Vielseitigkeit und sein geringes Gewicht machen ihn zu einer praktischen Wahl f\u00fcr verschiedene Sitzanforderungen. Mit dem Kunststoffstuhl Lido 3029A k\u00f6nnen Sie Ihre Sitzgelegenheiten aufwerten.<\/p>\n","protected":false},"featured_media":18254,"comment_status":"open","ping_status":"closed","template":"","meta":[],"product_cat":[2123],"product_tag":[1242,1618,1241,1617,1255],"class_list":{"0":"post-19053","1":"product","2":"type-product","3":"status-publish","4":"has-post-thumbnail","6":"product_brand-niagara-de","7":"product_cat-niagara-de","8":"product_tag-barstuhl","9":"product_tag-garten-stuhl","10":"product_tag-kaffee-stuhl","11":"product_tag-outdoor-stuhl","12":"product_tag-restaurant-stuhl","15":"first","16":"instock","17":"shipping-taxable","18":"product-type-simple"},"_links":{"self":[{"href":"https:\/\/harmoor.com\/de\/wp-json\/wp\/v2\/product\/19053","targetHints":{"allow":["GET"]}}],"collection":[{"href":"https:\/\/harmoor.com\/de\/wp-json\/wp\/v2\/product"}],"about":[{"href":"https:\/\/harmoor.com\/de\/wp-json\/wp\/v2\/types\/product"}],"replies":[{"embeddable":true,"href":"https:\/\/harmoor.com\/de\/wp-json\/wp\/v2\/comments?post=19053"}],"version-history":[{"count":1,"href":"https:\/\/harmoor.com\/de\/wp-json\/wp\/v2\/product\/19053\/revisions"}],"predecessor-version":[{"id":23596,"href":"https:\/\/harmoor.com\/de\/wp-json\/wp\/v2\/product\/19053\/revisions\/23596"}],"wp:featuredmedia":[{"embeddable":true,"href":"https:\/\/harmoor.com\/de\/wp-json\/wp\/v2\/media\/18254"}],"wp:attachment":[{"href":"https:\/\/harmoor.com\/de\/wp-json\/wp\/v2\/media?parent=19053"}],"wp:term":[{"taxonomy":"product_cat","embeddable":true,"href":"https:\/\/harmoor.com\/de\/wp-json\/wp\/v2\/product_cat?post=19053"},{"taxonomy":"product_tag","embeddable":true,"href":"https:\/\/harmoor.com\/de\/wp-json\/wp\/v2\/product_tag?post=19053"}],"curies":[{"name":"wp","href":"https:\/\/api.w.org\/{rel}","templated":true}]}}