{"id":18949,"date":"2023-04-06T12:03:23","date_gmt":"2023-04-06T04:03:23","guid":{"rendered":"https:\/\/harmoor.com\/product\/caribu-3038\/"},"modified":"2025-04-27T18:16:49","modified_gmt":"2025-04-27T10:16:49","slug":"stuhl-karibu-3038","status":"publish","type":"product","link":"https:\/\/harmoor.com\/de\/product\/stuhl-karibu-3038\/","title":{"rendered":"karibu 3038"},"content":{"rendered":"<div class=\"row\">\n<div class=\"col-xl-5 col-lg-5 col-md-6 col-sm-12 col-12\"><img fetchpriority=\"high\" decoding=\"async\" class=\"alignnone size-full wp-image-12104\" src=\"https:\/\/harmoor.com\/wp-content\/uploads\/2023\/04\/caribu-3038.webp\" alt=\"stuhl caribu 3038\" width=\"458\" height=\"315\" \/><\/div>\n<div class=\"col-xl-7 col-lg-7 col-md-6 col-sm-12 col-12\">\n<h2><span style=\"vertical-align: inherit;\"><span style=\"vertical-align: inherit;\">BRAND<\/span><\/span><\/h2>\n<p>Die reiche Firmengeschichte von Harmoor reicht bis ins Jahr 1998 zur\u00fcck und begann mit einer kleinen M\u00f6belfabrik. Wir er\u00f6ffneten 2018 unsere Fabrik in Vietnam und wurden zu einer der gr\u00f6\u00dften Kunststoffm\u00f6belfabriken in Vietnam. Derzeit ist Harmoor ein Hersteller und Lieferant von Tisch- und Stuhlm\u00f6beln mit vielen f\u00fchrenden Modellen in Vietnam und in der ganzen Welt.<\/p>\n<p><img decoding=\"async\" class=\"mt-4\" src=\"https:\/\/harmoor.com\/wp-content\/uploads\/2023\/07\/single-product.webp\" alt=\"produkt\" width=\"190\" height=\"30\" \/><\/div>\n<\/div>\n<div class=\"row\">\n<div class=\"col-xl-4 col-lg-4 col-md-4 col-sm-12 col-12 mb-4\">\n<h2><span style=\"vertical-align: inherit;\"><span style=\"vertical-align: inherit;\">PRODUKT INFORMATION<\/span><\/span><\/h2>\n<ul>\n<li>Produkt name: Karibu 3038<\/li>\n<li>Material: Seil + PP-Kunststoff<\/li>\n<li>Design-Stil: Italien<\/li>\n<li>Herkunftsort: Vietnam<\/li>\n<\/ul>\n<\/div>\n<div class=\"col-xl-4 col-lg-4 col-md-4 col-sm-12 col-12 mb-4\">\n<h2><span style=\"vertical-align: inherit;\"><span style=\"vertical-align: inherit;\">GR\u00d6SSE<\/span><\/span><\/h2>\n<ul>\n<li>H\u00f6he: 81cm<\/li>\n<li>Breite: 60,5cm<\/li>\n<li>Tiefe: 52cm<\/li>\n<li>Sitzh\u00f6he: 45cm<\/li>\n<\/ul>\n<\/div>\n<div class=\"col-xl-4 col-lg-4 col-md-4 col-sm-12 col-12 mb-4\">\n<h2><span style=\"vertical-align: inherit;\"><span style=\"vertical-align: inherit;\">BENUTZBARER RAUM<\/span><\/span><\/h2>\n<ul>\n<li>Kaffee haus<\/li>\n<li>Restaurant<\/li>\n<li>Speisesaal<\/li>\n<li>Garten&#8230;<\/li>\n<\/ul>\n<\/div>\n<\/div>\n","protected":false},"excerpt":{"rendered":"<p>Der Stuhl Caribu 3038 ist eine moderne Neuinterpretation der klassischen 60er-Jahre-Terrassenst\u00fchle aus Stahl und Textilien und f\u00fchrt uns zur\u00fcck in die Vergangenheit. Der Stuhl Caribu 3038 ist f\u00fcr den Au\u00dfeneinsatz pulverbeschichtet, R\u00fcckenlehne und Sitzfl\u00e4che sind aus PA-Kunststoff. Speziell f\u00fcr die Verwendung im Freien konzipiert. Kann \u00fcbereinander gestapelt werden.<\/p>\n","protected":false},"featured_media":18160,"comment_status":"open","ping_status":"closed","template":"","meta":[],"product_cat":[1616],"product_tag":[1484,1618,1241,1617,1255,1619,1486],"class_list":{"0":"post-18949","1":"product","2":"type-product","3":"status-publish","4":"has-post-thumbnail","6":"product_brand-caribu-de","7":"product_cat-caribu-de","8":"product_tag-esszimmerstuhl","9":"product_tag-garten-stuhl","10":"product_tag-kaffee-stuhl","11":"product_tag-outdoor-stuhl","12":"product_tag-restaurant-stuhl","13":"product_tag-terrassen-stuhl","14":"product_tag-wohnzimmersessel","17":"first","18":"instock","19":"shipping-taxable","20":"product-type-simple"},"_links":{"self":[{"href":"https:\/\/harmoor.com\/de\/wp-json\/wp\/v2\/product\/18949","targetHints":{"allow":["GET"]}}],"collection":[{"href":"https:\/\/harmoor.com\/de\/wp-json\/wp\/v2\/product"}],"about":[{"href":"https:\/\/harmoor.com\/de\/wp-json\/wp\/v2\/types\/product"}],"replies":[{"embeddable":true,"href":"https:\/\/harmoor.com\/de\/wp-json\/wp\/v2\/comments?post=18949"}],"version-history":[{"count":0,"href":"https:\/\/harmoor.com\/de\/wp-json\/wp\/v2\/product\/18949\/revisions"}],"wp:featuredmedia":[{"embeddable":true,"href":"https:\/\/harmoor.com\/de\/wp-json\/wp\/v2\/media\/18160"}],"wp:attachment":[{"href":"https:\/\/harmoor.com\/de\/wp-json\/wp\/v2\/media?parent=18949"}],"wp:term":[{"taxonomy":"product_cat","embeddable":true,"href":"https:\/\/harmoor.com\/de\/wp-json\/wp\/v2\/product_cat?post=18949"},{"taxonomy":"product_tag","embeddable":true,"href":"https:\/\/harmoor.com\/de\/wp-json\/wp\/v2\/product_tag?post=18949"}],"curies":[{"name":"wp","href":"https:\/\/api.w.org\/{rel}","templated":true}]}}