{"id":18103,"date":"2023-03-28T09:54:53","date_gmt":"2023-03-28T01:54:53","guid":{"rendered":"https:\/\/harmoor.com\/product\/calipso-3032a\/"},"modified":"2023-11-22T14:11:18","modified_gmt":"2023-11-22T06:11:18","slug":"stuhl-calipso-3032a","status":"publish","type":"product","link":"https:\/\/harmoor.com\/de\/product\/stuhl-calipso-3032a\/","title":{"rendered":"calipso 3032a"},"content":{"rendered":"<div class=\"row\">\n<div class=\"col-xl-5 col-lg-5 col-md-6 col-sm-12 col-12\"><img fetchpriority=\"high\" decoding=\"async\" class=\"alignnone size-full wp-image-12104\" src=\"https:\/\/harmoor.com\/wp-content\/uploads\/2023\/06\/Chair-Calipso-3032B.webp\" alt=\"chair calipso 3032a\" width=\"458\" height=\"315\"><\/div>\n<div class=\"col-xl-7 col-lg-7 col-md-6 col-sm-12 col-12\">\n<h2><span style=\"vertical-align: inherit;\"><span style=\"vertical-align: inherit;\">BRAND<\/span><\/span><\/h2>\n<p>Die reiche Firmengeschichte von Harmoor reicht bis ins Jahr 1998 zur\u00fcck und begann mit einer kleinen M\u00f6belfabrik. Wir er\u00f6ffneten 2018 unsere Fabrik in Vietnam und wurden zu einer der gr\u00f6\u00dften Kunststoffm\u00f6belfabriken in Vietnam. Derzeit ist Harmoor ein Hersteller und Lieferant von Tisch- und Stuhlm\u00f6beln mit vielen f\u00fchrenden Modellen in Vietnam und in der ganzen Welt.<\/p>\n<p><img decoding=\"async\" class=\"mt-4\" src=\"https:\/\/harmoor.com\/wp-content\/uploads\/2023\/07\/single-product.webp\" alt=\"ein-produkt\" width=\"190\" height=\"30\"><\/div>\n<\/div>\n<div class=\"row\">\n<div class=\"col-xl-4 col-lg-4 col-md-4 col-sm-12 col-12 mb-4\">\n<h2><span style=\"vertical-align: inherit;\"><span style=\"vertical-align: inherit;\">PRODUKT INFORMATION<\/span><\/span><\/h2>\n<ul>\n<li>Produktname: Stuhl Calipso 3032A<\/li>\n<li>Material: Stahlrahmen + PP-Kunststoff<\/li>\n<li>Design-Stil: Italien<\/li>\n<li>Herkunftsort: Vietnam<\/li>\n<\/ul>\n<\/div>\n<div class=\"col-xl-4 col-lg-4 col-md-4 col-sm-12 col-12 mb-4\">\n<h2><span style=\"vertical-align: inherit;\"><span style=\"vertical-align: inherit;\">GR\u00d6SSE<\/span><\/span><\/h2>\n<ul>\n<li>H\u00f6he: 81cm<\/li>\n<li>Tiefe: 54,5cm<\/li>\n<li>Breite: 61cm<\/li>\n<li>Sitzh\u00f6he: 46cm<\/li>\n<\/ul>\n<\/div>\n<div class=\"col-xl-4 col-lg-4 col-md-4 col-sm-12 col-12 mb-4\">\n<h2><span style=\"vertical-align: inherit;\"><span style=\"vertical-align: inherit;\">BENUTZBARER RAUM<\/span><\/span><\/h2>\n<ul>\n<li>Kaffeehaus<\/li>\n<li>Restaurant<\/li>\n<li>Speisesaal<\/li>\n<li>B\u00fcro&#8230;<\/li>\n<\/ul>\n<\/div>\n<\/div>\n","protected":false},"excerpt":{"rendered":"<p>Der Stuhl Calipso 3032A mit einfachem Design und geeigneter Gr\u00f6\u00dfe ist eine bequeme L\u00f6sung f\u00fcr R\u00e4ume mit nicht allzu gro\u00dfer Fl\u00e4che. Mit seinem schlichten Design und seiner harmonischen Farbe ist dieser neue, hochwertige Kunststoffstuhl f\u00fcr viele Hausbesitzer die richtige Wahl, um einen anspruchsvollen, luxuri\u00f6sen und \u00e4u\u00dferst stilvollen Raum zu schaffen. Der Stuhl Calipso 3032A ist ein Produkt mit einem einzigartigen Design, das mit feinen Linien kombiniert wird, um einen au\u00dfergew\u00f6hnlichen und \u00e4u\u00dferst attraktiven Raum zu schaffen. Aber ob dieses Produkt geeignet ist oder nicht, h\u00e4ngt vom Gr\u00f6\u00dfenfaktor ab.<\/p>\n","protected":false},"featured_media":18092,"comment_status":"open","ping_status":"closed","template":"","meta":[],"product_cat":[1240],"product_tag":[1484,1241,1485,1255,1486],"class_list":{"0":"post-18103","1":"product","2":"type-product","3":"status-publish","4":"has-post-thumbnail","6":"product_brand-calipso-de","7":"product_cat-calipso-de","8":"product_tag-esszimmerstuhl","9":"product_tag-kaffee-stuhl","10":"product_tag-office-chair-de","11":"product_tag-restaurant-stuhl","12":"product_tag-wohnzimmersessel","15":"first","16":"instock","17":"shipping-taxable","18":"product-type-simple"},"_links":{"self":[{"href":"https:\/\/harmoor.com\/de\/wp-json\/wp\/v2\/product\/18103","targetHints":{"allow":["GET"]}}],"collection":[{"href":"https:\/\/harmoor.com\/de\/wp-json\/wp\/v2\/product"}],"about":[{"href":"https:\/\/harmoor.com\/de\/wp-json\/wp\/v2\/types\/product"}],"replies":[{"embeddable":true,"href":"https:\/\/harmoor.com\/de\/wp-json\/wp\/v2\/comments?post=18103"}],"version-history":[{"count":0,"href":"https:\/\/harmoor.com\/de\/wp-json\/wp\/v2\/product\/18103\/revisions"}],"wp:featuredmedia":[{"embeddable":true,"href":"https:\/\/harmoor.com\/de\/wp-json\/wp\/v2\/media\/18092"}],"wp:attachment":[{"href":"https:\/\/harmoor.com\/de\/wp-json\/wp\/v2\/media?parent=18103"}],"wp:term":[{"taxonomy":"product_cat","embeddable":true,"href":"https:\/\/harmoor.com\/de\/wp-json\/wp\/v2\/product_cat?post=18103"},{"taxonomy":"product_tag","embeddable":true,"href":"https:\/\/harmoor.com\/de\/wp-json\/wp\/v2\/product_tag?post=18103"}],"curies":[{"name":"wp","href":"https:\/\/api.w.org\/{rel}","templated":true}]}}