{"id":17820,"date":"2023-03-22T15:53:15","date_gmt":"2023-03-22T07:53:15","guid":{"rendered":"https:\/\/harmoor.com\/product\/calipso-3031a\/"},"modified":"2023-11-22T14:11:24","modified_gmt":"2023-11-22T06:11:24","slug":"stuhl-calipso-3031a","status":"publish","type":"product","link":"https:\/\/harmoor.com\/de\/product\/stuhl-calipso-3031a\/","title":{"rendered":"calipso 3031a"},"content":{"rendered":"<div class=\"row\">\n<div class=\"col-xl-5 col-lg-5 col-md-6 col-sm-12 col-12\"><img fetchpriority=\"high\" decoding=\"async\" class=\"alignnone size-full wp-image-12104\" src=\"https:\/\/harmoor.com\/wp-content\/uploads\/2023\/03\/calipso-3031a-2.webp\" alt=\"stuhl calipso 3031a\" width=\"458\" height=\"315\"><\/div>\n<div class=\"col-xl-7 col-lg-7 col-md-6 col-sm-12 col-12\">\n<h2><span style=\"vertical-align: inherit;\"><span style=\"vertical-align: inherit;\">BRAND<\/span><\/span><\/h2>\n<p>Die reiche Firmengeschichte von Harmoor reicht bis ins Jahr 1998 zur\u00fcck und begann mit einer kleinen M\u00f6belfabrik. Wir er\u00f6ffneten 2018 unsere Fabrik in Vietnam und wurden zu einer der gr\u00f6\u00dften Kunststoffm\u00f6belfabriken in Vietnam. Derzeit ist Harmoor ein Hersteller und Lieferant von Tisch- und Stuhlm\u00f6beln mit vielen f\u00fchrenden Modellen in Vietnam und in der ganzen Welt.<\/p>\n<p><img decoding=\"async\" class=\"mt-4\" src=\"https:\/\/harmoor.com\/wp-content\/uploads\/2023\/07\/single-product.webp\" alt=\"ein-produkt\" width=\"190\" height=\"30\"><\/div>\n<\/div>\n<div class=\"row\">\n<div class=\"col-xl-4 col-lg-4 col-md-4 col-sm-12 col-12 mb-4\">\n<h2><span style=\"vertical-align: inherit;\"><span style=\"vertical-align: inherit;\">PRODUKT INFORMATION<\/span><\/span><\/h2>\n<ul>\n<li>Produkt name: Stuhl Calipso 3031A<\/li>\n<li>Material: Stahlrahmen + PP-Kunststoff<\/li>\n<li>Design-Stil: Italien<\/li>\n<li>Herkunftsort: Vietnam<\/li>\n<\/ul>\n<\/div>\n<div class=\"col-xl-4 col-lg-4 col-md-4 col-sm-12 col-12 mb-4\">\n<h2><span style=\"vertical-align: inherit;\"><span style=\"vertical-align: inherit;\">GR\u00d6SSE<\/span><\/span><\/h2>\n<ul>\n<li>H\u00f6he: 103cm<\/li>\n<li>Tiefe: 45,5 cm<\/li>\n<li>Breite: 52cm<\/li>\n<li>Sitzh\u00f6he: 75cm<\/li>\n<\/ul>\n<\/div>\n<div class=\"col-xl-4 col-lg-4 col-md-4 col-sm-12 col-12 mb-4\">\n<h2><span style=\"vertical-align: inherit;\"><span style=\"vertical-align: inherit;\">BENUTZBARER RAUM<\/span><\/span><\/h2>\n<ul>\n<li>Kaffeehaus<\/li>\n<li>Bar<\/li>\n<li>K\u00fcche<\/li>\n<li>&#8230;.<\/li>\n<\/ul>\n<\/div>\n<\/div>\n","protected":false},"excerpt":{"rendered":"<p>Der Stuhl Calipso 3031A ist eine Bank mit einem modernen Stil und leicht mit verschiedenen Einrichtungsstilen zu kombinieren, ein robustes Material, das die Strapazen des t\u00e4glichen Gebrauchs widersteht und ist leicht zu reinigen und zu pflegen. Bringen Sie mit dem Barhocker 3031A ein elegantes, modernes Design in Ihre K\u00fcche. Der ergonomisch geformte Stuhl verf\u00fcgt \u00fcber ein elegantes Netzmuster f\u00fcr bequemes Sitzen. Der Stuhl Calipso 3031A besteht aus einem strapazierf\u00e4higen Polypropylen-Sitz, Metallbeinen in der gleichen Farbe wie der Sitz, Fu\u00dfst\u00fctzen und Endabdeckungen.<\/p>\n","protected":false},"featured_media":18098,"comment_status":"open","ping_status":"closed","template":"","meta":[],"product_cat":[1240],"product_tag":[1242,1241,1243],"class_list":{"0":"post-17820","1":"product","2":"type-product","3":"status-publish","4":"has-post-thumbnail","6":"product_brand-calipso-de","7":"product_cat-calipso-de","8":"product_tag-barstuhl","9":"product_tag-kaffee-stuhl","10":"product_tag-kuchenstuhl","13":"first","14":"instock","15":"shipping-taxable","16":"product-type-simple"},"_links":{"self":[{"href":"https:\/\/harmoor.com\/de\/wp-json\/wp\/v2\/product\/17820","targetHints":{"allow":["GET"]}}],"collection":[{"href":"https:\/\/harmoor.com\/de\/wp-json\/wp\/v2\/product"}],"about":[{"href":"https:\/\/harmoor.com\/de\/wp-json\/wp\/v2\/types\/product"}],"replies":[{"embeddable":true,"href":"https:\/\/harmoor.com\/de\/wp-json\/wp\/v2\/comments?post=17820"}],"version-history":[{"count":0,"href":"https:\/\/harmoor.com\/de\/wp-json\/wp\/v2\/product\/17820\/revisions"}],"wp:featuredmedia":[{"embeddable":true,"href":"https:\/\/harmoor.com\/de\/wp-json\/wp\/v2\/media\/18098"}],"wp:attachment":[{"href":"https:\/\/harmoor.com\/de\/wp-json\/wp\/v2\/media?parent=17820"}],"wp:term":[{"taxonomy":"product_cat","embeddable":true,"href":"https:\/\/harmoor.com\/de\/wp-json\/wp\/v2\/product_cat?post=17820"},{"taxonomy":"product_tag","embeddable":true,"href":"https:\/\/harmoor.com\/de\/wp-json\/wp\/v2\/product_tag?post=17820"}],"curies":[{"name":"wp","href":"https:\/\/api.w.org\/{rel}","templated":true}]}}