{"id":19869,"date":"2023-07-19T11:04:43","date_gmt":"2023-07-19T03:04:43","guid":{"rendered":"https:\/\/harmoor.com\/datenschutz-bestimmungen\/"},"modified":"2023-07-28T12:07:24","modified_gmt":"2023-07-28T04:07:24","slug":"datenschutz-bestimmungen","status":"publish","type":"page","link":"https:\/\/harmoor.com\/de\/datenschutz-bestimmungen\/","title":{"rendered":"Datenschutz-Bestimmungen"},"content":{"rendered":"\t\t<div data-elementor-type=\"wp-page\" data-elementor-id=\"19869\" class=\"elementor elementor-19869 elementor-18799\">\n\t\t\t\t\t\t<section class=\"elementor-section elementor-top-section elementor-element elementor-element-b7c25f6 elementor-section-boxed elementor-section-height-default elementor-section-height-default\" data-id=\"b7c25f6\" data-element_type=\"section\">\n\t\t\t\t\t\t<div class=\"elementor-container elementor-column-gap-default\">\n\t\t\t\t\t<div class=\"elementor-column elementor-col-100 elementor-top-column elementor-element elementor-element-92faee6\" data-id=\"92faee6\" data-element_type=\"column\">\n\t\t\t<div class=\"elementor-widget-wrap elementor-element-populated\">\n\t\t\t\t\t\t<div class=\"elementor-element elementor-element-c1d2de4 elementor-widget elementor-widget-heading\" data-id=\"c1d2de4\" data-element_type=\"widget\" data-widget_type=\"heading.default\">\n\t\t\t\t<div class=\"elementor-widget-container\">\n\t\t\t\t\t<h2 class=\"elementor-heading-title elementor-size-default\">Offenlegung der Privatsph\u00e4re<\/h2>\t\t\t\t<\/div>\n\t\t\t\t<\/div>\n\t\t\t\t\t<\/div>\n\t\t<\/div>\n\t\t\t\t\t<\/div>\n\t\t<\/section>\n\t\t\t\t<section class=\"elementor-section elementor-top-section elementor-element elementor-element-56f6f3f elementor-section-boxed elementor-section-height-default elementor-section-height-default\" data-id=\"56f6f3f\" data-element_type=\"section\">\n\t\t\t\t\t\t<div class=\"elementor-container elementor-column-gap-default\">\n\t\t\t\t\t<div class=\"elementor-column elementor-col-100 elementor-top-column elementor-element elementor-element-5594829\" data-id=\"5594829\" data-element_type=\"column\">\n\t\t\t<div class=\"elementor-widget-wrap elementor-element-populated\">\n\t\t\t\t\t\t<div class=\"elementor-element elementor-element-f98aead elementor-widget elementor-widget-text-editor\" data-id=\"f98aead\" data-element_type=\"widget\" data-widget_type=\"text-editor.default\">\n\t\t\t\t<div class=\"elementor-widget-container\">\n\t\t\t\t\t\t\t\t\t<p> <\/p>\n<p>gem\u00e4\u00df dem Gesetzesdekret <strong>13\/2023\/N\u0110-CP<\/strong> (Datenschutzgesetz) und der Verordnung zum Schutz nat\u00fcrlicher Personen bei der Verarbeitung personenbezogener Daten und dem freien Verkehr dieser Daten sowie sp\u00e4teren \u00c4nderungen.<\/p>\n<p> <\/p>\n<p>das Unternehmen harmoor vietnam mit Sitz in Lot F1 und F2, Nam Dong Phu Industrial Park, Tan Lap Commune, Dong Phu District, Binh Phuoc Province, Vietnam, Umsatzsteueridentifikationsnummer 3801169243, Telefon +84898799991, E-Mail info@harmoor.com, als Inhaber der Datenverarbeitung, informiert Sie dar\u00fcber, dass diese Datenschutzerkl\u00e4rung dazu dient, die Verwaltungsverfahren dieser Website zu beschreiben, und zwar in Bezug auf die Verarbeitung personenbezogener Daten der Nutzer\/Besucher der Website und derjenigen, die bei der \u00dcbermittlung von Spontanbewerbungen und Lebensl\u00e4ufen personenbezogene Daten angeben (letztere dienen der Verwaltung des Personalauswahlverfahrens).<\/p>\n<p> <\/p>\n<p>Ihre Daten werden im Einklang mit dem Gesetz und nach den Grunds\u00e4tzen der Notwendigkeit, Korrektheit, Rechtm\u00e4\u00dfigkeit und Transparenz, des Schutzes Ihrer Privatsph\u00e4re und Ihrer Rechte, der Beschr\u00e4nkung des Zwecks der Verarbeitung und Speicherung, der Datenminimierung, der Genauigkeit und Datenqualit\u00e4t, der Datenintegrit\u00e4t und -sicherheit verarbeitet. diese datenschutzerkl\u00e4rung gilt nicht f\u00fcr andere internet-seiten, die nicht dem f\u00fcr die datenverarbeitung Verantwortlichen geh\u00f6ren und die \u00fcber links, banner oder andere links, die auf unserer website vorhanden sein k\u00f6nnen, aufgerufen werden. Die betroffenen Personen sind jedoch f\u00fcr die Sicherheit ihres Kontos verantwortlich und d\u00fcrfen die Zugangsdaten oder andere Informationen \u00fcber ihr Konto nicht an Dritte weitergeben. Die Verarbeitungen im Zusammenhang mit den Webdiensten dieser Website finden haupts\u00e4chlich am oben genannten operativen Sitz statt und werden von mit der Verarbeitung beauftragten Personen durchgef\u00fchrt.<\/p>\n<p> <\/p>\n<p>kann der f\u00fcr die Verarbeitung Verantwortliche unter Ber\u00fccksichtigung der organisatorischen Erfordernisse gem\u00e4\u00df 13\/2023\/N\u0110-CP Datenverarbeiter beauftragen, geeignete technische und organisatorische Ma\u00dfnahmen zu ergreifen, um die Einhaltung der gesetzlichen Anforderungen und den Schutz der Rechte der betroffenen Person zu gew\u00e4hrleisten. Die Verantwortlichen f\u00fcr die Datenverarbeitung sind ebenfalls zur Vertraulichkeit in Bezug auf die Erf\u00fcllung ihrer jeweiligen Aufgaben verpflichtet und k\u00f6nnen auch speziell benannte Personen mit der Verarbeitung beauftragen. Der Verantwortliche f\u00fcr den Schutz personenbezogener Daten kann unter marketing@harmoor.com kontaktiert werden.<\/p>\n<p> <\/p>\n<p><strong>Art und Herkunft der erhobenen personenbezogenen Daten<\/strong><\/p>\n<p> <\/p>\n<p>Sie k\u00f6nnen aufgefordert werden, Ihre personenbezogenen Daten anzugeben, wenn Sie sich an den f\u00fcr die Datenverarbeitung Verantwortlichen wenden, um Sie zu identifizieren oder zu kontaktieren. Diese Daten k\u00f6nnen auch mit anderen Daten kombiniert werden, um Produkte, Dienstleistungen, Inhalte und Werbematerialien bereitzustellen und zu verbessern. Au\u00dfer in den gesetzlich vorgesehenen F\u00e4llen sammelt der f\u00fcr die Verarbeitung Verantwortliche keine personenbezogenen Daten, aus denen die rassische oder ethnische Herkunft, politische Meinungen, religi\u00f6se oder philosophische \u00dcberzeugungen oder die Zugeh\u00f6rigkeit zu einer Gewerkschaft hervorgehen, sowie keine genetischen oder biometrischen Daten, die dazu bestimmt sind, eine nat\u00fcrliche Person eindeutig zu identifizieren, und keine Daten, die sich auf die Gesundheit oder das Sexualleben oder die sexuelle Ausrichtung der Person beziehen. Der f\u00fcr die Verarbeitung Verantwortliche erhebt keine personenbezogenen Daten \u00fcber strafrechtliche Verurteilungen und Straftaten oder damit verbundene Sicherheitsma\u00dfnahmen. bittet der f\u00fcr die Verarbeitung Verantwortliche Sie, die oben genannten Daten nicht zu \u00fcbermitteln. Minderj\u00e4hrige k\u00f6nnen der Verarbeitung ihrer personenbezogenen Daten ab 16 Jahren zustimmen. Der f\u00fcr die Verarbeitung Verantwortliche verarbeitet keine personenbezogenen Daten von Kindern unter 16 Jahren, es sei denn, die Eltern oder Erziehungsberechtigten stimmen der Erhebung, Nutzung und Weitergabe der Daten von Kindern durch den f\u00fcr die Verarbeitung Verantwortlichen zu. Wir best\u00e4tigen, dass es nicht erforderlich ist, die von uns angeforderten pers\u00f6nlichen Daten anzugeben: Wenn Sie sich jedoch entscheiden, diese nicht anzugeben, k\u00f6nnen Sie in vielen F\u00e4llen die \u00fcber die Website aktivierten Dienste nicht nutzen.<\/p>\n<p> <\/p>\n<p><strong>Navigationsdaten<\/strong><\/p>\n<p> <\/p>\n<p>Die f\u00fcr den Betrieb dieser Website verwendeten Computersysteme und Softwareverfahren erfassen w\u00e4hrend des normalen Betriebs einige personenbezogene Daten, die dann implizit unter Verwendung von Internet-Kommunikationsprotokollen \u00fcbermittelt werden. Diese Informationen werden nicht erhoben, um mit identifizierten Personen in Verbindung gebracht zu werden, sondern k\u00f6nnten aufgrund ihrer Beschaffenheit durch die Verarbeitung und Verkn\u00fcpfung mit Daten im Besitz von Dritten die Identifizierung von Nutzern erm\u00f6glichen. Zu dieser Datenkategorie geh\u00f6ren die IP-Adressen oder Dom\u00e4nennamen der Computer, die von den Nutzern verwendet werden, die sich mit der Website verbinden, die Adressen der angeforderten Ressourcen in der Uniform Resource Identifier (URI)-Notation, die Uhrzeit der Anfrage, die Methode, die f\u00fcr die \u00dcbermittlung der Anfrage an den Server verwendet wurde, die Gr\u00f6\u00dfe der als Antwort erhaltenen Datei, der numerische Code, der den Status der vom Server gegebenen Antwort angibt (Erfolg, Fehler usw.) sowie andere Parameter, die sich auf das Betriebssystem und die Computerumgebung des Nutzers beziehen.<\/p>\n<p> <\/p>\n<p>vom Nutzer freiwillig zur Verf\u00fcgung gestellte Daten<\/p>\n<p> <\/p>\n<p>Der f\u00fcr die Verarbeitung Verantwortliche erhebt und verarbeitet Daten, die von der betroffenen Person im Rahmen des Zugangs, der Registrierung, der Konsultation und\/oder der Nutzung der Website freiwillig zur Verf\u00fcgung gestellt werden.<\/p>\n<p> <\/p>\n<p><strong>Zweck der Verarbeitung<\/strong><\/p>\n<p> <\/p>\n<p>auf der Grundlage Ihrer freien, ausdr\u00fccklichen und in Kenntnis der Sachlage erteilten Einwilligung &#8211; oder in anderen F\u00e4llen, in denen die Rechtm\u00e4\u00dfigkeit der Verarbeitung unbedingt gesetzlich vorgeschrieben ist, einschlie\u00dflich 13\/2023\/N\u0110-CP &#8211; teilt Ihnen der f\u00fcr die Verarbeitung Verantwortliche mit, dass die erhobenen Daten:<\/p>\n<ul>\n<li>erm\u00f6glicht Ihnen die Verwaltung Ihrer Anmeldung auf der Website und Ihres Kontos sowie Ihres Antrags auf Teilnahme an Veranstaltungen, die vom f\u00fcr die Datenverarbeitung Verantwortlichen organisiert werden<\/li>\n<li>k\u00f6nnen zur \u00dcberpr\u00fcfung Ihrer Identit\u00e4t und zur Erleichterung der Benutzeridentifizierung verwendet werden<\/li>\n<li>f\u00fcr Marketingzwecke verwendet werden k\u00f6nnen (Newsletter einschlie\u00dflich kommerzieller und werblicher Informationen)<\/li>\n<li>k\u00f6nnen zu statistischen Zwecken verarbeitet werden, und zwar in anonymer und zusammengefasster Form \u00fcber die Nutzung der Website und zur \u00dcberpr\u00fcfung ihres korrekten Funktionierens.<\/li>\n<\/ul>\n<p> <\/p>\n<p><strong>Nutzung der sozialen Medien<\/strong><\/p>\n<p> <\/p>\n<p>Bitte beachten Sie, dass es m\u00f6glich ist, an der Plattform des f\u00fcr die Datenverarbeitung Verantwortlichen teilzunehmen, die eigene soziale Medien (Social-Media-Plattform) bereitstellt, die Ihnen zur Verf\u00fcgung gestellt wurden. Das Hauptziel dieser sozialen Medien ist es, die gemeinsame Nutzung von Inhalten zu erleichtern und zu erm\u00f6glichen. Der f\u00fcr die Verarbeitung Verantwortliche kann jedoch nicht haftbar gemacht werden, wenn personenbezogene Daten in den oben genannten sozialen Medien geteilt werden, die anschlie\u00dfend von Dritten missbr\u00e4uchlich oder unangemessen verwendet werden.<\/p>\n<p> <\/p>\n<p>Verarbeitungsverfahren und Datenschutz &#8211; die personenbezogenen Daten der betroffenen Personen werden in Papierform und\/oder elektronisch verarbeitet, und zwar so lange, wie es f\u00fcr die Erreichung des Zwecks, f\u00fcr den sie erhoben wurden, erforderlich ist, und unter Anwendung angemessener Sicherheitsma\u00dfnahmen, um die Zerst\u00f6rung oder den Verlust von Daten, m\u00f6gliche unerlaubte Verwendungen und unbefugte Zugriffe zu verhindern, gem\u00e4\u00df Artikel 13\/2023\/N\u0110-CP<\/p>\n<p> <\/p>\n<p>Ihre Daten werden in keiner Weise verbreitet und k\u00f6nnen nur an Dritte weitergegeben werden, deren T\u00e4tigkeit f\u00fcr die in dieser Erkl\u00e4rung genannten Zwecke erforderlich ist und damit zusammenh\u00e4ngt, wie z. B.: Verwaltungs- und Justizbeh\u00f6rden, die befugt sind, die Sie betreffenden Informationen anzufordern und zu erhalten; Beh\u00f6rden oder \u00f6ffentliche Einrichtungen; Personen, die Bank-, Finanz- und Versicherungsdienstleistungen, Archivierungs-, Unterst\u00fctzungs- und Beratungst\u00e4tigkeiten, Druck-, Verpackungs-, Transport- und Kommunikationsdienstleistungen gegen\u00fcber der betroffenen Person erbringen oder vertreiben; Subjekte, die Dienstleistungen f\u00fcr die Verwaltung des Informationssystems des Inhabers der Datenverarbeitung und der Telekommunikationsnetze erbringen; Unternehmen, die dem Inhaber der Datenverarbeitung angeh\u00f6ren oder mit ihm zusammenarbeiten, die auch im Ausland in Vietnam und anderen L\u00e4ndern ans\u00e4ssig sind, oder externe Vertrauenspersonen, die auch im Ausland t\u00e4tig sind und nicht dem Inhaber der Datenverarbeitung angeh\u00f6ren, die dieselben T\u00e4tigkeiten technischer und organisatorischer Art, der Beratung, Kontrolle und Information aus\u00fcben.<\/p>\n<p> <\/p>\n<p><strong>Rechte der betroffenen Person<\/strong><\/p>\n<p> <\/p>\n<p>als von der Verarbeitung betroffene Person k\u00f6nnen Sie jederzeit die in Artikel 13\/2023\/N\u0110-CP genannten Rechte aus\u00fcben. Insbesondere k\u00f6nnen Sie von dem f\u00fcr die Verarbeitung Verantwortlichen eine Best\u00e4tigung \u00fcber das Vorhandensein oder Nichtvorhandensein Sie betreffender personenbezogener Daten, Zugang zu den Sie betreffenden personenbezogenen Daten und deren Berichtigung oder L\u00f6schung oder die Einschr\u00e4nkung der Verarbeitung verlangen oder sich der Verarbeitung widersetzen; au\u00dferdem haben Sie das Recht auf Daten\u00fcbertragbarkeit und das Recht auf Beschwerde bei einer Aufsichtsbeh\u00f6rde. k\u00f6nnen Sie sich \u00fcber die Quelle, aus der die personenbezogenen Daten stammen, und gegebenenfalls \u00fcber die M\u00f6glichkeit, dass die Daten aus \u00f6ffentlich zug\u00e4nglichen Quellen stammen, informieren. Beruht die Verarbeitung auf einer ausdr\u00fccklichen Einwilligung, so hat die betroffene Person au\u00dferdem das Recht, diese Einwilligung jederzeit zu widerrufen, ohne dass die Rechtm\u00e4\u00dfigkeit der aufgrund der Einwilligung bis zum Widerruf erfolgten Verarbeitung ber\u00fchrt wird. Die Anfragen sind an den f\u00fcr die Verarbeitung Verantwortlichen unter der E-Mail-Adresse marketing@harmoor.com zu richten.<\/p>\n<p> <\/p>\n<p><strong>copyright \u00a9 2018, harmoor furniture alle rechte vorbehalten.<\/strong><\/p>\n<p> <\/p>\n<p>Alle Rechte an dieser Website sind nach geltendem Recht vorbehalten. alle Rechte an den Datenbanken sind vorbehalten. Die vollst\u00e4ndige oder teilweise \u00dcbersetzung, Anpassung, Verarbeitung oder Vervielf\u00e4ltigung des Materials auf dieser Website mit beliebigen Mitteln (einschlie\u00dflich elektronischer Speicherung) ist allen L\u00e4ndern vorbehalten.<\/p>\n<p><br>die vollst\u00e4ndige oder teilweise Vervielf\u00e4ltigung und Verbreitung des auf dieser Website enthaltenen Materials, einschlie\u00dflich des Framings, der analogen Vervielf\u00e4ltigungsmittel und der digitalen Speicherung, ist ausdr\u00fccklich verboten, sofern keine schriftliche Genehmigung von Harmoor Furniture vorliegt, mit Ausnahme derjenigen, die dazu berechtigt sind.<\/p>\n<p> <\/p>\n<p>der inhalt dieser website (einschliesslich, aber nicht beschr\u00e4nkt auf texte, logos, symbole, bilder, grafiken, t\u00f6ne, computerprogramme und datenbanken) sowie die art und weise der darstellung und formatierung des inhalts (grafisches layout) sind ausschliessliches eigentum von harmoor furniture und sind durch vietnamesisches und internationales recht des geistigen eigentums gesch\u00fctzt.<\/p>\n<p> <\/p>\n<p>Sollte versehentlich Material ver\u00f6ffentlicht worden sein, das dem Urheberrecht unterliegt oder gegen das Gesetz verst\u00f6\u00dft, bitten wir die Nutzer, dies harmoor furniture mitzuteilen. harmoor furniture verpflichtet sich, das Material, das gegen die Gesetze zum Schutz des geistigen Eigentums verst\u00f6\u00dft, unverz\u00fcglich aus seinen elektronischen Dateien zu entfernen, sobald es von dem Versto\u00df erf\u00e4hrt.<\/p>\n<p> <\/p>\n<p><strong>Marken und Rechte an geistigem Eigentum<\/strong><\/p>\n<p> <\/p>\n<p>www.harmoor.com und die Namen von Produkten, Dienstleistungen, Grafiken und Logos sind eingetragene Marken des Unternehmens harmoor ist eine eingetragene Marke im Besitz von harmoor vietnam andere Namen von Produkten, Dienstleistungen oder Unternehmen k\u00f6nnen eingetragene Marken der jeweiligen Eigent\u00fcmer sein. Sie sind durch vietnamesisches und internationales Recht an geistigem Eigentum gesch\u00fctzt.<\/p>\n<p> <\/p>\n<p><strong>Bekanntmachungen<\/strong><\/p>\n<p> <\/p>\n<p>die informationen auf dieser website k\u00f6nnen technische ungenauigkeiten, auslassungen oder typografische fehler enthalten. Die Informationen k\u00f6nnen ohne vorherige Ank\u00fcndigung ge\u00e4ndert oder aktualisiert werden. dar\u00fcber hinaus beh\u00e4lt sich harmoor furniture das recht vor, jederzeit und ohne ank\u00fcndigung \u00e4nderungen und\/oder verbesserungen an diesen hinweisen und nutzungsmethoden sowie an den auf dieser website beschriebenen dienstleistungen, produkten und\/oder programmen vorzunehmen.<br><br>Version 08\/2018<\/p>\n<p> <\/p>\n<p><a href=\"https:\/\/policies.google.com\/technologies\/cookies?hl=en#how-google-uses-cookies\">siehe weitere Informationen \u00fcber Cookies<\/a><\/p>\n<p> <\/p>\t\t\t\t\t\t\t\t<\/div>\n\t\t\t\t<\/div>\n\t\t\t\t\t<\/div>\n\t\t<\/div>\n\t\t\t\t\t<\/div>\n\t\t<\/section>\n\t\t\t\t<\/div>\n\t\t","protected":false},"excerpt":{"rendered":"<p>Offenlegung der Privatsph\u00e4re &nbsp; gem\u00e4\u00df dem Gesetzesdekret 13\/2023\/N\u0110-CP (Datenschutzgesetz) und der Verordnung zum Schutz nat\u00fcrlicher Personen bei der Verarbeitung personenbezogener Daten und dem freien Verkehr dieser Daten sowie sp\u00e4teren \u00c4nderungen. &nbsp; das Unternehmen harmoor vietnam mit Sitz in Lot F1 und F2, Nam Dong Phu Industrial Park, Tan Lap Commune, Dong Phu District, Binh Phuoc [&hellip;]<\/p>\n","protected":false},"author":4,"featured_media":0,"parent":0,"menu_order":0,"comment_status":"closed","ping_status":"closed","template":"page-templates\/homepage-v2.php","meta":{"footnotes":""},"class_list":["post-19869","page","type-page","status-publish","hentry"],"_links":{"self":[{"href":"https:\/\/harmoor.com\/de\/wp-json\/wp\/v2\/pages\/19869","targetHints":{"allow":["GET"]}}],"collection":[{"href":"https:\/\/harmoor.com\/de\/wp-json\/wp\/v2\/pages"}],"about":[{"href":"https:\/\/harmoor.com\/de\/wp-json\/wp\/v2\/types\/page"}],"author":[{"embeddable":true,"href":"https:\/\/harmoor.com\/de\/wp-json\/wp\/v2\/users\/4"}],"replies":[{"embeddable":true,"href":"https:\/\/harmoor.com\/de\/wp-json\/wp\/v2\/comments?post=19869"}],"version-history":[{"count":0,"href":"https:\/\/harmoor.com\/de\/wp-json\/wp\/v2\/pages\/19869\/revisions"}],"wp:attachment":[{"href":"https:\/\/harmoor.com\/de\/wp-json\/wp\/v2\/media?parent=19869"}],"curies":[{"name":"wp","href":"https:\/\/api.w.org\/{rel}","templated":true}]}}