{"id":17861,"date":"2023-06-14T16:33:44","date_gmt":"2023-06-14T08:33:44","guid":{"rendered":"https:\/\/harmoor.com\/nachhaltigkeit\/"},"modified":"2023-07-25T15:12:37","modified_gmt":"2023-07-25T07:12:37","slug":"nachhaltigkeit","status":"publish","type":"page","link":"https:\/\/harmoor.com\/de\/nachhaltigkeit\/","title":{"rendered":"Nachhaltigkeit"},"content":{"rendered":"\t\t<div data-elementor-type=\"wp-page\" data-elementor-id=\"17861\" class=\"elementor elementor-17861 elementor-16083\">\n\t\t\t\t\t\t<section class=\"elementor-section elementor-top-section elementor-element elementor-element-dab25fa elementor-section-full_width elementor-section-height-default elementor-section-height-default\" data-id=\"dab25fa\" data-element_type=\"section\">\n\t\t\t\t\t\t<div class=\"elementor-container elementor-column-gap-default\">\n\t\t\t\t\t<div class=\"elementor-column elementor-col-100 elementor-top-column elementor-element elementor-element-85e0ba6\" data-id=\"85e0ba6\" data-element_type=\"column\">\n\t\t\t<div class=\"elementor-widget-wrap elementor-element-populated\">\n\t\t\t\t\t\t<div class=\"elementor-element elementor-element-5770323 elementor-widget__width-initial elementor-widget-tablet__width-initial elementor-absolute elementor-widget elementor-widget-text-editor\" data-id=\"5770323\" data-element_type=\"widget\" data-settings=\"{&quot;_position&quot;:&quot;absolute&quot;}\" data-widget_type=\"text-editor.default\">\n\t\t\t\t<div class=\"elementor-widget-container\">\n\t\t\t\t\t\t\t\t\t<p>\u2014 Fokus auf<\/p>\n<p>\u00f6kologische<\/p>\n<p>Nachhaltigkeit<\/p>\t\t\t\t\t\t\t\t<\/div>\n\t\t\t\t<\/div>\n\t\t\t\t<div class=\"elementor-element elementor-element-58d6ab4 elementor-widget elementor-widget-prime-slider-sniper\" data-id=\"58d6ab4\" data-element_type=\"widget\" data-widget_type=\"prime-slider-sniper.default\">\n\t\t\t\t<div class=\"elementor-widget-container\">\n\t\t\t\t\t\t\t<div id=\"bdt-prime-slider-58d6ab4\" class=\"bdt-sniper-slider elementor-swiper\" data-settings=\"{&quot;loop&quot;:true,&quot;speed&quot;:900,&quot;effect&quot;:&quot;slide&quot;,&quot;gl&quot;:{&quot;shader&quot;:&quot;random&quot;},&quot;fadeEffect&quot;:{&quot;crossFade&quot;:true},&quot;lazy&quot;:{&quot;loadPrevNext&quot;:&quot;true&quot;},&quot;parallax&quot;:true,&quot;watchSlidesProgress&quot;:true,&quot;slidesPerView&quot;:1,&quot;loopedSlides&quot;:4,&quot;scrollbar&quot;:{&quot;el&quot;:&quot;#bdt-prime-slider-58d6ab4 .swiper-scrollbar&quot;},&quot;pagination&quot;:{&quot;el&quot;:&quot;#bdt-prime-slider-58d6ab4 .bdt-pagination&quot;,&quot;type&quot;:&quot;fraction&quot;},&quot;navigation&quot;:{&quot;nextEl&quot;:&quot;#bdt-prime-slider-58d6ab4 .bdt-button-next&quot;,&quot;prevEl&quot;:&quot;#bdt-prime-slider-58d6ab4 .bdt-button-prev&quot;}}\">\n\t\t<div class=\"bdt-main-slider swiper\">\n\t\t\t<div class=\"bdt-ps-iamge-overlay\"><\/div>\n\t\t\t<div class=\"bdt-grid-line\">\n\t\t\t\t<span><\/span>\n\t\t\t\t<span><\/span>\n\t\t\t\t<span><\/span>\n\t\t\t\t<span><\/span>\n\t\t\t<\/div>\n\t\t\t<div class=\"swiper-wrapper\">\n\t\t\t\t\t<div class=\"bdt-item swiper-slide\">\n\t\t\t\t\n\t\t\t\t\t\t<div class=\"bdt-image-wrap\" >\n\t\t\t\t\t\t\t<img fetchpriority=\"high\" decoding=\"async\" width=\"4000\" height=\"2957\" src=\"https:\/\/harmoor.com\/wp-content\/uploads\/2023\/06\/circus-chair.png\" class=\"bdt-img\" alt=\"Sniper Slide 1\" \/>\t\t\t\t\t\t<\/div>\n\t\t\t\t\t\t\t\t\t<\/div>\n\n        \t\t\t<div class=\"bdt-item swiper-slide\">\n\t\t\t\t\n\t\t\t\t\t\t<div class=\"bdt-image-wrap\" >\n\t\t\t\t\t\t\t<img decoding=\"async\" width=\"4000\" height=\"2992\" src=\"https:\/\/harmoor.com\/wp-content\/uploads\/2023\/06\/gaia-chair.png\" class=\"bdt-img\" alt=\"Sniper Slide 2\" \/>\t\t\t\t\t\t<\/div>\n\t\t\t\t\t\t\t\t\t<\/div>\n\n        \t\t\t<div class=\"bdt-item swiper-slide\">\n\t\t\t\t\n\t\t\t\t\t\t<div class=\"bdt-image-wrap\" >\n\t\t\t\t\t\t\t<img decoding=\"async\" width=\"4000\" height=\"3172\" src=\"https:\/\/harmoor.com\/wp-content\/uploads\/2023\/06\/amelie-1.png\" class=\"bdt-img\" alt=\"Sniper Slide 3\" \/>\t\t\t\t\t\t<\/div>\n\t\t\t\t\t\t\t\t\t<\/div>\n\n         \n\t\t\t\t<\/div>\n\n\t\t\t\t\t\t\t\t<div class=\"bdt-pagination-wrap\">\n                    <div class=\"bdt-pagination\"><\/div>\n                    <div class=\"swiper-scrollbar\"><\/div>\n                <\/div>\n\t\t\t\t\n\t\t\t<\/div>\n\t\t\t<div thumbsSlider=\"\" class=\"bdt-thumbs-slider\">\n                <div class=\"swiper-wrapper\">\n\n\t\t\t\t\t\t\t\t\t<div class=\"swiper-slide bdt-item\">\n                        <div class=\"bdt-content\">\n\n\t\t\t\t\t\t\t\n\t\t\t\t\t\t\t\t\t\t\t\t\t\n                        <\/div>\n                    <\/div>\n\t\t\t\t\t\t\t\t\t<div class=\"swiper-slide bdt-item\">\n                        <div class=\"bdt-content\">\n\n\t\t\t\t\t\t\t\n\t\t\t\t\t\t\t\t\t\t\t\t\t\n                        <\/div>\n                    <\/div>\n\t\t\t\t\t\t\t\t\t<div class=\"swiper-slide bdt-item\">\n                        <div class=\"bdt-content\">\n\n\t\t\t\t\t\t\t\n\t\t\t\t\t\t\t\t\t\t\t\t\t\n                        <\/div>\n                    <\/div>\n\t\t\t\t\n                <\/div>\n            <\/div>\n\n\t\t\t            <div class=\"bdt-navigation-wrap\">\n                <div class=\"bdt-nav-btn bdt-button-next\">\n                    <svg xmlns=\"http:\/\/www.w3.org\/2000\/svg\" width=\"16\" height=\"16\" fill=\"currentColor\" class=\"bi bi-caret-right-fill\" viewBox=\"0 0 16 16\">\n                        <path d=\"m12.14 8.753-5.482 4.796c-.646.566-1.658.106-1.658-.753V3.204a1 1 0 0 1 1.659-.753l5.48 4.796a1 1 0 0 1 0 1.506z\"\/>\n                      <\/svg>\n                <\/div>\n                <div class=\"bdt-nav-btn bdt-button-prev\">\n                    <svg xmlns=\"http:\/\/www.w3.org\/2000\/svg\" width=\"16\" height=\"16\" fill=\"currentColor\" class=\"bi bi-caret-left-fill\" viewBox=\"0 0 16 16\">\n                        <path d=\"m3.86 8.753 5.482 4.796c.646.566 1.658.106 1.658-.753V3.204a1 1 0 0 0-1.659-.753l-5.48 4.796a1 1 0 0 0 0 1.506z\"\/>\n                      <\/svg>\n                <\/div>\n            <\/div>\n\t\t\t\t\t<\/div>\n\t\t\t\t\t\t<\/div>\n\t\t\t\t<\/div>\n\t\t\t\t\t<\/div>\n\t\t<\/div>\n\t\t\t\t\t<\/div>\n\t\t<\/section>\n\t\t\t\t<section class=\"elementor-section elementor-top-section elementor-element elementor-element-fdb5adc elementor-section-boxed elementor-section-height-default elementor-section-height-default\" data-id=\"fdb5adc\" data-element_type=\"section\">\n\t\t\t\t\t\t<div class=\"elementor-container elementor-column-gap-default\">\n\t\t\t\t\t<div class=\"elementor-column elementor-col-100 elementor-top-column elementor-element elementor-element-065d7a8\" data-id=\"065d7a8\" data-element_type=\"column\">\n\t\t\t<div class=\"elementor-widget-wrap elementor-element-populated\">\n\t\t\t\t\t\t<section class=\"elementor-section elementor-inner-section elementor-element elementor-element-d55722c elementor-section-boxed elementor-section-height-default elementor-section-height-default\" data-id=\"d55722c\" data-element_type=\"section\">\n\t\t\t\t\t\t<div class=\"elementor-container elementor-column-gap-default\">\n\t\t\t\t\t<div class=\"elementor-column elementor-col-50 elementor-inner-column elementor-element elementor-element-5a7b707\" data-id=\"5a7b707\" data-element_type=\"column\">\n\t\t\t<div class=\"elementor-widget-wrap elementor-element-populated\">\n\t\t\t\t\t\t<div class=\"elementor-element elementor-element-ce444fb elementor-widget elementor-widget-text-editor\" data-id=\"ce444fb\" data-element_type=\"widget\" data-widget_type=\"text-editor.default\">\n\t\t\t\t<div class=\"elementor-widget-container\">\n\t\t\t\t\t\t\t\t\t<div class=\"text-image__textblock\"><span class=\"text-image__text\"><strong>Nachhaltiges Design <\/strong>ist das eigentliche Ziel aller Aktivit\u00e4ten, die darauf abzielen, unsere Auswirkungen auf die Umwelt zu verringern. Beim Design mit der Natur geht es darum, die negativen Auswirkungen des Designprozesses zu minimieren und qualitativ hochwertige Produkte zu schaffen, die in Bezug auf Stil und Leistung dem Test der Zeit standhalten und gleichzeitig die Gesundheit und den Komfort der Menschen in den Vordergrund stellen. Das ist die Philosophie von Harmoor: R\u00e4ume so einzurichten, dass das Wohlbefinden der Menschen, die sie nutzen, im Vordergrund steht.<\/span><\/div>\n\t\t\t\t\t\t\t\t<\/div>\n\t\t\t\t<\/div>\n\t\t\t\t\t<\/div>\n\t\t<\/div>\n\t\t\t\t<div class=\"elementor-column elementor-col-50 elementor-inner-column elementor-element elementor-element-a3980e8\" data-id=\"a3980e8\" data-element_type=\"column\">\n\t\t\t<div class=\"elementor-widget-wrap elementor-element-populated\">\n\t\t\t\t\t\t<div class=\"elementor-element elementor-element-104f573 elementor-widget elementor-widget-image\" data-id=\"104f573\" data-element_type=\"widget\" data-widget_type=\"image.default\">\n\t\t\t\t<div class=\"elementor-widget-container\">\n\t\t\t\t\t\t\t\t\t\t\t\t\t\t\t<img loading=\"lazy\" decoding=\"async\" width=\"600\" height=\"800\" src=\"https:\/\/harmoor.com\/wp-content\/uploads\/2023\/06\/chair.jpg\" class=\"attachment-large size-large wp-image-17025\" alt=\"chair\" \/>\t\t\t\t\t\t\t\t\t\t\t\t\t\t\t<\/div>\n\t\t\t\t<\/div>\n\t\t\t\t\t<\/div>\n\t\t<\/div>\n\t\t\t\t\t<\/div>\n\t\t<\/section>\n\t\t\t\t\t<\/div>\n\t\t<\/div>\n\t\t\t\t\t<\/div>\n\t\t<\/section>\n\t\t\t\t<section class=\"elementor-section elementor-top-section elementor-element elementor-element-18972eb elementor-section-boxed elementor-section-height-default elementor-section-height-default\" data-id=\"18972eb\" data-element_type=\"section\">\n\t\t\t\t\t\t<div class=\"elementor-container elementor-column-gap-default\">\n\t\t\t\t\t<div class=\"elementor-column elementor-col-100 elementor-top-column elementor-element elementor-element-3eb8803\" data-id=\"3eb8803\" data-element_type=\"column\">\n\t\t\t<div class=\"elementor-widget-wrap elementor-element-populated\">\n\t\t\t\t\t\t<section class=\"elementor-section elementor-inner-section elementor-element elementor-element-52e4e04 elementor-section-boxed elementor-section-height-default elementor-section-height-default\" data-id=\"52e4e04\" data-element_type=\"section\">\n\t\t\t\t\t\t<div class=\"elementor-container elementor-column-gap-default\">\n\t\t\t\t\t<div class=\"elementor-column elementor-col-50 elementor-inner-column elementor-element elementor-element-e1e3d1f\" data-id=\"e1e3d1f\" data-element_type=\"column\">\n\t\t\t<div class=\"elementor-widget-wrap elementor-element-populated\">\n\t\t\t\t\t\t<div class=\"elementor-element elementor-element-dbd792f elementor-widget elementor-widget-image\" data-id=\"dbd792f\" data-element_type=\"widget\" data-widget_type=\"image.default\">\n\t\t\t\t<div class=\"elementor-widget-container\">\n\t\t\t\t\t\t\t\t\t\t\t\t\t\t\t<img loading=\"lazy\" decoding=\"async\" width=\"600\" height=\"800\" src=\"https:\/\/harmoor.com\/wp-content\/uploads\/2023\/06\/Thiet-ke-chua-co-ten-3-1.png\" class=\"attachment-large size-large wp-image-17143\" alt=\"Chair\" \/>\t\t\t\t\t\t\t\t\t\t\t\t\t\t\t<\/div>\n\t\t\t\t<\/div>\n\t\t\t\t\t<\/div>\n\t\t<\/div>\n\t\t\t\t<div class=\"elementor-column elementor-col-50 elementor-inner-column elementor-element elementor-element-5ee50e9\" data-id=\"5ee50e9\" data-element_type=\"column\">\n\t\t\t<div class=\"elementor-widget-wrap elementor-element-populated\">\n\t\t\t\t\t\t<div class=\"elementor-element elementor-element-e55cd81 elementor-widget elementor-widget-text-editor\" data-id=\"e55cd81\" data-element_type=\"widget\" data-widget_type=\"text-editor.default\">\n\t\t\t\t<div class=\"elementor-widget-container\">\n\t\t\t\t\t\t\t\t\t<div class=\"text-image__textblock\"><span class=\"text-image__text\">Bei der Produktion wird der Reduzierung des Rohstoffverbrauchs, der Rationalisierung der Ressourcen, der Wiederverwendung und\/oder dem Recycling von Abf\u00e4llen sowie der Kontrolle der Emissionen h\u00f6chste Aufmerksamkeit gewidmet. Die Herstellung <strong>langlebiger<\/strong> Produkte, sowohl unter \u00e4sthetischen Gesichtspunkten als auch in Bezug auf ihre Widerstandsf\u00e4higkeit, ist das Schl\u00fcsselelement f\u00fcr die Gew\u00e4hrleistung der Nachhaltigkeit. Von der Entwurfsphase an sind die Harmoor-M\u00f6bel so <strong>konzipiert,<\/strong>dass sie zerlegt und in Verfahren hergestellt werden k\u00f6nnen, die den Verbrauch einschr\u00e4nken.<\/span><\/div>\n\t\t\t\t\t\t\t\t<\/div>\n\t\t\t\t<\/div>\n\t\t\t\t\t<\/div>\n\t\t<\/div>\n\t\t\t\t\t<\/div>\n\t\t<\/section>\n\t\t\t\t\t<\/div>\n\t\t<\/div>\n\t\t\t\t\t<\/div>\n\t\t<\/section>\n\t\t\t\t<section class=\"elementor-section elementor-top-section elementor-element elementor-element-b3121e7 elementor-section-boxed elementor-section-height-default elementor-section-height-default\" data-id=\"b3121e7\" data-element_type=\"section\">\n\t\t\t\t\t\t<div class=\"elementor-container elementor-column-gap-default\">\n\t\t\t\t\t<div class=\"elementor-column elementor-col-100 elementor-top-column elementor-element elementor-element-1fc2463\" data-id=\"1fc2463\" data-element_type=\"column\">\n\t\t\t<div class=\"elementor-widget-wrap elementor-element-populated\">\n\t\t\t\t\t\t<div class=\"elementor-element elementor-element-5ecc95d elementor-widget elementor-widget-image\" data-id=\"5ecc95d\" data-element_type=\"widget\" data-widget_type=\"image.default\">\n\t\t\t\t<div class=\"elementor-widget-container\">\n\t\t\t\t\t\t\t\t\t\t\t\t\t\t\t<img loading=\"lazy\" decoding=\"async\" width=\"1231\" height=\"869\" src=\"https:\/\/harmoor.com\/wp-content\/uploads\/2023\/06\/plastic.webp\" class=\"attachment-full size-full wp-image-17149\" alt=\"plastic\" \/>\t\t\t\t\t\t\t\t\t\t\t\t\t\t\t<\/div>\n\t\t\t\t<\/div>\n\t\t\t\t\t<\/div>\n\t\t<\/div>\n\t\t\t\t\t<\/div>\n\t\t<\/section>\n\t\t\t\t<section class=\"elementor-section elementor-top-section elementor-element elementor-element-5f62595 elementor-section-boxed elementor-section-height-default elementor-section-height-default\" data-id=\"5f62595\" data-element_type=\"section\">\n\t\t\t\t\t\t<div class=\"elementor-container elementor-column-gap-default\">\n\t\t\t\t\t<div class=\"elementor-column elementor-col-100 elementor-top-column elementor-element elementor-element-66dbd6c\" data-id=\"66dbd6c\" data-element_type=\"column\">\n\t\t\t<div class=\"elementor-widget-wrap elementor-element-populated\">\n\t\t\t\t\t\t<section class=\"elementor-section elementor-inner-section elementor-element elementor-element-bb7dd54 elementor-reverse-mobile elementor-section-boxed elementor-section-height-default elementor-section-height-default\" data-id=\"bb7dd54\" data-element_type=\"section\">\n\t\t\t\t\t\t<div class=\"elementor-container elementor-column-gap-default\">\n\t\t\t\t\t<div class=\"elementor-column elementor-col-50 elementor-inner-column elementor-element elementor-element-954c7ea\" data-id=\"954c7ea\" data-element_type=\"column\">\n\t\t\t<div class=\"elementor-widget-wrap elementor-element-populated\">\n\t\t\t\t\t\t<div class=\"elementor-element elementor-element-a0bbaa5 elementor-widget elementor-widget-image\" data-id=\"a0bbaa5\" data-element_type=\"widget\" data-widget_type=\"image.default\">\n\t\t\t\t<div class=\"elementor-widget-container\">\n\t\t\t\t\t\t\t\t\t\t\t\t\t\t\t<img loading=\"lazy\" decoding=\"async\" width=\"600\" height=\"800\" src=\"https:\/\/harmoor.com\/wp-content\/uploads\/2023\/06\/plastic-chair.webp\" class=\"attachment-large size-large wp-image-17155\" alt=\"\" \/>\t\t\t\t\t\t\t\t\t\t\t\t\t\t\t<\/div>\n\t\t\t\t<\/div>\n\t\t\t\t\t<\/div>\n\t\t<\/div>\n\t\t\t\t<div class=\"elementor-column elementor-col-50 elementor-inner-column elementor-element elementor-element-b583d33\" data-id=\"b583d33\" data-element_type=\"column\">\n\t\t\t<div class=\"elementor-widget-wrap elementor-element-populated\">\n\t\t\t\t\t\t<div class=\"elementor-element elementor-element-b79da6c elementor-widget elementor-widget-heading\" data-id=\"b79da6c\" data-element_type=\"widget\" data-widget_type=\"heading.default\">\n\t\t\t\t<div class=\"elementor-widget-container\">\n\t\t\t\t\t<h2 class=\"elementor-heading-title elementor-size-default\">recyceltes Polypropylen\n<\/h2>\t\t\t\t<\/div>\n\t\t\t\t<\/div>\n\t\t\t\t<div class=\"elementor-element elementor-element-bec815e elementor-widget elementor-widget-text-editor\" data-id=\"bec815e\" data-element_type=\"widget\" data-widget_type=\"text-editor.default\">\n\t\t\t\t<div class=\"elementor-widget-container\">\n\t\t\t\t\t\t\t\t\t<p>Harmoor-Kunststoffprodukte werden aus hochwertigen Rohstoffen hergestellt, die recycelbar und umweltfreundlich sind.<\/p>\n<p>Post-Verbraucher-Abf\u00e4lle stammen von Produkten, die bereits von den Verbrauchern benutzt worden sind. Der industrielle Faktor stammt aus Kunststoffabf\u00e4llen.<\/p>\n\t\t\t\t\t\t\t\t<\/div>\n\t\t\t\t<\/div>\n\t\t\t\t\t<\/div>\n\t\t<\/div>\n\t\t\t\t\t<\/div>\n\t\t<\/section>\n\t\t\t\t\t<\/div>\n\t\t<\/div>\n\t\t\t\t\t<\/div>\n\t\t<\/section>\n\t\t\t\t<section class=\"elementor-section elementor-top-section elementor-element elementor-element-b251bde elementor-section-boxed elementor-section-height-default elementor-section-height-default\" data-id=\"b251bde\" data-element_type=\"section\">\n\t\t\t\t\t\t<div class=\"elementor-container elementor-column-gap-default\">\n\t\t\t\t\t<div class=\"elementor-column elementor-col-100 elementor-top-column elementor-element elementor-element-cc9cfc7\" data-id=\"cc9cfc7\" data-element_type=\"column\">\n\t\t\t<div class=\"elementor-widget-wrap elementor-element-populated\">\n\t\t\t\t\t\t<div class=\"elementor-element elementor-element-2874be7 elementor-widget elementor-widget-heading\" data-id=\"2874be7\" data-element_type=\"widget\" data-widget_type=\"heading.default\">\n\t\t\t\t<div class=\"elementor-widget-container\">\n\t\t\t\t\t<h2 class=\"elementor-heading-title elementor-size-default\">certifications\n<\/h2>\t\t\t\t<\/div>\n\t\t\t\t<\/div>\n\t\t\t\t<div class=\"elementor-element elementor-element-612c46a elementor-widget elementor-widget-text-editor\" data-id=\"612c46a\" data-element_type=\"widget\" data-widget_type=\"text-editor.default\">\n\t\t\t\t<div class=\"elementor-widget-container\">\n\t\t\t\t\t\t\t\t\t<p>Hohe Qualit\u00e4t und Respekt f\u00fcr die Arbeitsumgebung spiegeln die langj\u00e4hrigen Praktiken wider, die durch die BSCI-Zertifizierung f\u00fcr Qualit\u00e4tsmanagementsysteme von Unternehmen nachgewiesen werden<\/p>\n<p>Harmoor f\u00f6rdert das beste Arbeitsumfeld als Wert, der seine Nachhaltigkeitsphilosophie untermauert.<\/p>\n\t\t\t\t\t\t\t\t<\/div>\n\t\t\t\t<\/div>\n\t\t\t\t<div class=\"elementor-element elementor-element-9740cba elementor-widget elementor-widget-image\" data-id=\"9740cba\" data-element_type=\"widget\" data-widget_type=\"image.default\">\n\t\t\t\t<div class=\"elementor-widget-container\">\n\t\t\t\t\t\t\t\t\t\t\t\t\t\t\t<img loading=\"lazy\" decoding=\"async\" width=\"1024\" height=\"498\" src=\"https:\/\/harmoor.com\/wp-content\/uploads\/2023\/06\/PSCI-Certificate-Harmoor-Vietnam-Co.-Ltd-1024x498.webp\" class=\"attachment-large size-large wp-image-17161\" alt=\"\" \/>\t\t\t\t\t\t\t\t\t\t\t\t\t\t\t<\/div>\n\t\t\t\t<\/div>\n\t\t\t\t\t<\/div>\n\t\t<\/div>\n\t\t\t\t\t<\/div>\n\t\t<\/section>\n\t\t\t\t<\/div>\n\t\t","protected":false},"excerpt":{"rendered":"<p>\u2014 Fokus auf \u00f6kologische Nachhaltigkeit Nachhaltiges Design ist das eigentliche Ziel aller Aktivit\u00e4ten, die darauf abzielen, unsere Auswirkungen auf die Umwelt zu verringern. Beim Design mit der Natur geht es darum, die negativen Auswirkungen des Designprozesses zu minimieren und qualitativ hochwertige Produkte zu schaffen, die in Bezug auf Stil und Leistung dem Test der Zeit [&hellip;]<\/p>\n","protected":false},"author":4,"featured_media":0,"parent":0,"menu_order":0,"comment_status":"closed","ping_status":"closed","template":"page-templates\/homepage.php","meta":{"footnotes":""},"class_list":["post-17861","page","type-page","status-publish","hentry"],"_links":{"self":[{"href":"https:\/\/harmoor.com\/de\/wp-json\/wp\/v2\/pages\/17861","targetHints":{"allow":["GET"]}}],"collection":[{"href":"https:\/\/harmoor.com\/de\/wp-json\/wp\/v2\/pages"}],"about":[{"href":"https:\/\/harmoor.com\/de\/wp-json\/wp\/v2\/types\/page"}],"author":[{"embeddable":true,"href":"https:\/\/harmoor.com\/de\/wp-json\/wp\/v2\/users\/4"}],"replies":[{"embeddable":true,"href":"https:\/\/harmoor.com\/de\/wp-json\/wp\/v2\/comments?post=17861"}],"version-history":[{"count":0,"href":"https:\/\/harmoor.com\/de\/wp-json\/wp\/v2\/pages\/17861\/revisions"}],"wp:attachment":[{"href":"https:\/\/harmoor.com\/de\/wp-json\/wp\/v2\/media?parent=17861"}],"curies":[{"name":"wp","href":"https:\/\/api.w.org\/{rel}","templated":true}]}}