{"id":17826,"date":"2023-06-21T15:21:24","date_gmt":"2023-06-21T07:21:24","guid":{"rendered":"https:\/\/harmoor.com\/innovation\/"},"modified":"2023-07-08T11:55:02","modified_gmt":"2023-07-08T03:55:02","slug":"innovation","status":"publish","type":"page","link":"https:\/\/harmoor.com\/de\/innovation\/","title":{"rendered":"innovation"},"content":{"rendered":"\t\t<div data-elementor-type=\"wp-page\" data-elementor-id=\"17826\" class=\"elementor elementor-17826 elementor-16586\">\n\t\t\t\t\t\t<section class=\"elementor-section elementor-top-section elementor-element elementor-element-6815511 elementor-section-full_width elementor-section-height-default elementor-section-height-default\" data-id=\"6815511\" data-element_type=\"section\">\n\t\t\t\t\t\t<div class=\"elementor-container elementor-column-gap-default\">\n\t\t\t\t\t<div class=\"elementor-column elementor-col-100 elementor-top-column elementor-element elementor-element-b86314a\" data-id=\"b86314a\" data-element_type=\"column\">\n\t\t\t<div class=\"elementor-widget-wrap elementor-element-populated\">\n\t\t\t\t\t\t<div class=\"elementor-element elementor-element-e7dc934 elementor-widget elementor-widget-image\" data-id=\"e7dc934\" data-element_type=\"widget\" data-widget_type=\"image.default\">\n\t\t\t\t<div class=\"elementor-widget-container\">\n\t\t\t\t\t\t\t\t\t\t\t\t\t\t\t<img fetchpriority=\"high\" decoding=\"async\" width=\"2560\" height=\"1439\" src=\"https:\/\/harmoor.com\/wp-content\/uploads\/2023\/06\/innovation-harmoor-furniture-scaled.webp\" class=\"attachment-full size-full wp-image-17185\" alt=\"innovation-harmoor-furniture\" \/>\t\t\t\t\t\t\t\t\t\t\t\t\t\t\t<\/div>\n\t\t\t\t<\/div>\n\t\t\t\t\t<\/div>\n\t\t<\/div>\n\t\t\t\t\t<\/div>\n\t\t<\/section>\n\t\t\t\t<section class=\"elementor-section elementor-top-section elementor-element elementor-element-66f8932 elementor-section-boxed elementor-section-height-default elementor-section-height-default\" data-id=\"66f8932\" data-element_type=\"section\">\n\t\t\t\t\t\t<div class=\"elementor-container elementor-column-gap-default\">\n\t\t\t\t\t<div class=\"elementor-column elementor-col-100 elementor-top-column elementor-element elementor-element-369258e\" data-id=\"369258e\" data-element_type=\"column\">\n\t\t\t<div class=\"elementor-widget-wrap elementor-element-populated\">\n\t\t\t\t\t\t<div class=\"elementor-element elementor-element-14a1569 elementor-widget elementor-widget-heading\" data-id=\"14a1569\" data-element_type=\"widget\" data-widget_type=\"heading.default\">\n\t\t\t\t<div class=\"elementor-widget-container\">\n\t\t\t\t\t<h2 class=\"elementor-heading-title elementor-size-default\">industrie 4.0<\/h2>\t\t\t\t<\/div>\n\t\t\t\t<\/div>\n\t\t\t\t\t<\/div>\n\t\t<\/div>\n\t\t\t\t\t<\/div>\n\t\t<\/section>\n\t\t\t\t<section class=\"elementor-section elementor-top-section elementor-element elementor-element-b3b5420 elementor-section-boxed elementor-section-height-default elementor-section-height-default\" data-id=\"b3b5420\" data-element_type=\"section\">\n\t\t\t\t\t\t<div class=\"elementor-container elementor-column-gap-default\">\n\t\t\t\t\t<div class=\"elementor-column elementor-col-100 elementor-top-column elementor-element elementor-element-55e95a5\" data-id=\"55e95a5\" data-element_type=\"column\">\n\t\t\t<div class=\"elementor-widget-wrap elementor-element-populated\">\n\t\t\t\t\t\t<section class=\"elementor-section elementor-inner-section elementor-element elementor-element-68bdc7d elementor-section-boxed elementor-section-height-default elementor-section-height-default\" data-id=\"68bdc7d\" data-element_type=\"section\">\n\t\t\t\t\t\t<div class=\"elementor-container elementor-column-gap-default\">\n\t\t\t\t\t<div class=\"elementor-column elementor-col-50 elementor-inner-column elementor-element elementor-element-5c1059c\" data-id=\"5c1059c\" data-element_type=\"column\">\n\t\t\t<div class=\"elementor-widget-wrap elementor-element-populated\">\n\t\t\t\t\t\t<div class=\"elementor-element elementor-element-1d6e49a elementor-widget elementor-widget-text-editor\" data-id=\"1d6e49a\" data-element_type=\"widget\" data-widget_type=\"text-editor.default\">\n\t\t\t\t<div class=\"elementor-widget-container\">\n\t\t\t\t\t\t\t\t\t<p><span style=\"font-size: 28px;\"><strong>vernetzte Fabriken<\/strong><\/span><\/p>\n<p>Harmoor ist ein Industrie-4.0-Unternehmen, dessen Fabriken mit vernetzten Maschinen ausgestattet sind. Jedes Jahr wird ein erheblicher Teil des Umsatzes des Unternehmens in <strong>Innovation, Technologie<\/strong>, und digitalisierte Produktion investiert.<\/p>\n<p><br><span style=\"font-size: 28px;\"><strong>technologische Innovation<\/strong><\/span><\/p>\n<p>Bei Harmoor ist Innovation mit einer umfassenden und langj\u00e4hrigen Kenntnis von Rohstoffen, Verfahren und technologischen L\u00f6sungen verbunden, wodurch das Design zu <strong>einer industriellen Produktion von gro\u00dfem Wert wird.<\/strong><\/p>\n<p>Technologisch fortschrittliche Maschinen und Prozessautomatisierung sorgen f\u00fcr eine <strong>schnellere Produktion<\/strong>, interne Abwicklung und Auslieferung sowie die Einhaltung von Lieferzeiten. Dies f\u00fchrt zu <strong>gr\u00f6\u00dferer Flexibilit\u00e4t<\/strong> bei der Erf\u00fcllung von Kundenw\u00fcnschen, w\u00e4hrend gleichzeitig die Produktqualit\u00e4t im Mittelpunkt steht.<\/p>\t\t\t\t\t\t\t\t<\/div>\n\t\t\t\t<\/div>\n\t\t\t\t\t<\/div>\n\t\t<\/div>\n\t\t\t\t<div class=\"elementor-column elementor-col-50 elementor-inner-column elementor-element elementor-element-15c0a40\" data-id=\"15c0a40\" data-element_type=\"column\">\n\t\t\t<div class=\"elementor-widget-wrap elementor-element-populated\">\n\t\t\t\t\t\t<div class=\"elementor-element elementor-element-6cf788b elementor-widget elementor-widget-image\" data-id=\"6cf788b\" data-element_type=\"widget\" data-widget_type=\"image.default\">\n\t\t\t\t<div class=\"elementor-widget-container\">\n\t\t\t\t\t\t\t\t\t\t\t\t\t\t\t<img decoding=\"async\" width=\"600\" height=\"873\" src=\"https:\/\/harmoor.com\/wp-content\/uploads\/2023\/06\/harmoor-furniture-design-innovation.webp\" class=\"attachment-large size-large wp-image-17191\" alt=\"harmoor-furniture-design-innovation\" \/>\t\t\t\t\t\t\t\t\t\t\t\t\t\t\t<\/div>\n\t\t\t\t<\/div>\n\t\t\t\t\t<\/div>\n\t\t<\/div>\n\t\t\t\t\t<\/div>\n\t\t<\/section>\n\t\t\t\t\t<\/div>\n\t\t<\/div>\n\t\t\t\t\t<\/div>\n\t\t<\/section>\n\t\t\t\t<section class=\"elementor-section elementor-top-section elementor-element elementor-element-7e44fb4 elementor-section-boxed elementor-section-height-default elementor-section-height-default\" data-id=\"7e44fb4\" data-element_type=\"section\">\n\t\t\t\t\t\t<div class=\"elementor-container elementor-column-gap-default\">\n\t\t\t\t\t<div class=\"elementor-column elementor-col-100 elementor-top-column elementor-element elementor-element-cb6981c\" data-id=\"cb6981c\" data-element_type=\"column\">\n\t\t\t<div class=\"elementor-widget-wrap elementor-element-populated\">\n\t\t\t\t\t\t<div class=\"elementor-element elementor-element-2d23758 elementor-widget elementor-widget-image\" data-id=\"2d23758\" data-element_type=\"widget\" data-widget_type=\"image.default\">\n\t\t\t\t<div class=\"elementor-widget-container\">\n\t\t\t\t\t\t\t\t\t\t\t\t\t\t\t<img decoding=\"async\" width=\"1969\" height=\"1162\" src=\"https:\/\/harmoor.com\/wp-content\/uploads\/2023\/06\/company.webp\" class=\"attachment-full size-full wp-image-17197\" alt=\"\" \/>\t\t\t\t\t\t\t\t\t\t\t\t\t\t\t<\/div>\n\t\t\t\t<\/div>\n\t\t\t\t\t<\/div>\n\t\t<\/div>\n\t\t\t\t\t<\/div>\n\t\t<\/section>\n\t\t\t\t<section class=\"elementor-section elementor-top-section elementor-element elementor-element-1676462 elementor-section-boxed elementor-section-height-default elementor-section-height-default\" data-id=\"1676462\" data-element_type=\"section\">\n\t\t\t\t\t\t<div class=\"elementor-container elementor-column-gap-default\">\n\t\t\t\t\t<div class=\"elementor-column elementor-col-100 elementor-top-column elementor-element elementor-element-be53721\" data-id=\"be53721\" data-element_type=\"column\">\n\t\t\t<div class=\"elementor-widget-wrap elementor-element-populated\">\n\t\t\t\t\t\t<div class=\"elementor-element elementor-element-3d302e8 elementor-widget elementor-widget-text-editor\" data-id=\"3d302e8\" data-element_type=\"widget\" data-widget_type=\"text-editor.default\">\n\t\t\t\t<div class=\"elementor-widget-container\">\n\t\t\t\t\t\t\t\t\t<p>2018 wurde das gr\u00f6\u00dfte Werk und Lager von Harmoor Furniture er\u00f6ffnet. Dieses moderne Lager ist rund um die Uhr in Betrieb und lagert 10.000 Paletten mit Fertig- und Halbfertigprodukten. Das Projekt hat eine Gesamtfl\u00e4che von 10.000 Quadratmetern und ist \u00fcber die Hauptverkehrsachsen mit dem bestehenden Industriepark verbunden. Das Lagervolumen ist das Ergebnis einer Studie zur Bewertung aktueller und zuk\u00fcnftiger Herstellungs-, Handhabungs- und Lagerprozesse.<\/p>\n<p>Mit dieser bedeutenden Investition hat das Unternehmen nicht nur mehr Platz f\u00fcr die Lagerung von Produkten, sondern spart auch mehr Zeit bei der Herstellung von Produkten auf Bestellung. Ziel ist es, den Kunden einen besseren Service zu bieten und die immer k\u00fcrzer werdenden Fristen f\u00fcr Objektm\u00f6belprojekte einzuhalten. Das automatische Lager &#8222;Grass Blades&#8220; ist innen eine perfekt ge\u00f6lte Maschine und au\u00dfen ein innovatives Projekt der Industriearchitektur.<\/p>\n<p>&#8222;Das triste und gleichf\u00f6rmige Volumen des neuen Lagerhauses wird so zu einem visuellen Ph\u00e4nomen, das reich an Variationen ist, eine Art nat\u00fcrlicher Verst\u00e4rker der Tages- und Jahreszeiten. In den sch\u00f6nsten Momenten. Einmal fixiert, l\u00f6st er sich in den nebligen Himmel auf und spiegelt dessen blaugraue T\u00f6ne wider, und an anderer Stelle wird er von dem leuchtenden Gr\u00fcn der landwirtschaftlichen Felder im Fr\u00fchling durchdrungen.<\/p>\n<p>Die architektonische Gestaltung des Lagers und der dazugeh\u00f6rigen R\u00e4ume geht \u00fcber das Konzept der reinen Umweltreduzierung hinaus, das bei vielen Industrieanlagen angewandt wird. Stattdessen wird es zu einem wichtigen Zeichen f\u00fcr die Verwurzelung von Harmoor und der Menschen, die dort in ihrem jeweiligen Gebiet arbeiten, und zeigt ihre F\u00e4higkeit zum Dialog mit den Unternehmen und M\u00e4rkten von heute. mehr globalisiert.&#8220;<\/p>\t\t\t\t\t\t\t\t<\/div>\n\t\t\t\t<\/div>\n\t\t\t\t\t<\/div>\n\t\t<\/div>\n\t\t\t\t\t<\/div>\n\t\t<\/section>\n\t\t\t\t<\/div>\n\t\t","protected":false},"excerpt":{"rendered":"<p>industrie 4.0 vernetzte Fabriken Harmoor ist ein Industrie-4.0-Unternehmen, dessen Fabriken mit vernetzten Maschinen ausgestattet sind. Jedes Jahr wird ein erheblicher Teil des Umsatzes des Unternehmens in Innovation, Technologie, und digitalisierte Produktion investiert. technologische Innovation Bei Harmoor ist Innovation mit einer umfassenden und langj\u00e4hrigen Kenntnis von Rohstoffen, Verfahren und technologischen L\u00f6sungen verbunden, wodurch das Design zu [&hellip;]<\/p>\n","protected":false},"author":4,"featured_media":0,"parent":0,"menu_order":0,"comment_status":"closed","ping_status":"closed","template":"page-templates\/homepage.php","meta":{"footnotes":""},"class_list":["post-17826","page","type-page","status-publish","hentry"],"_links":{"self":[{"href":"https:\/\/harmoor.com\/de\/wp-json\/wp\/v2\/pages\/17826","targetHints":{"allow":["GET"]}}],"collection":[{"href":"https:\/\/harmoor.com\/de\/wp-json\/wp\/v2\/pages"}],"about":[{"href":"https:\/\/harmoor.com\/de\/wp-json\/wp\/v2\/types\/page"}],"author":[{"embeddable":true,"href":"https:\/\/harmoor.com\/de\/wp-json\/wp\/v2\/users\/4"}],"replies":[{"embeddable":true,"href":"https:\/\/harmoor.com\/de\/wp-json\/wp\/v2\/comments?post=17826"}],"version-history":[{"count":0,"href":"https:\/\/harmoor.com\/de\/wp-json\/wp\/v2\/pages\/17826\/revisions"}],"wp:attachment":[{"href":"https:\/\/harmoor.com\/de\/wp-json\/wp\/v2\/media?parent=17826"}],"curies":[{"name":"wp","href":"https:\/\/api.w.org\/{rel}","templated":true}]}}