{"id":17648,"date":"2023-06-21T11:03:04","date_gmt":"2023-06-21T03:03:04","guid":{"rendered":"https:\/\/harmoor.com\/schoenheit-tradition-innovation\/"},"modified":"2024-03-28T10:18:21","modified_gmt":"2024-03-28T02:18:21","slug":"schoenheit-tradition-innovation","status":"publish","type":"page","link":"https:\/\/harmoor.com\/de\/schoenheit-tradition-innovation\/","title":{"rendered":"Sch\u00f6nheit Tradition Innovation"},"content":{"rendered":"\t\t<div data-elementor-type=\"wp-page\" data-elementor-id=\"17648\" class=\"elementor elementor-17648 elementor-16550\">\n\t\t\t\t\t\t<section class=\"elementor-section elementor-top-section elementor-element elementor-element-3027cb4 elementor-section-full_width elementor-section-height-default elementor-section-height-default\" data-id=\"3027cb4\" data-element_type=\"section\">\n\t\t\t\t\t\t<div class=\"elementor-container elementor-column-gap-default\">\n\t\t\t\t\t<div class=\"elementor-column elementor-col-100 elementor-top-column elementor-element elementor-element-371bfe2\" data-id=\"371bfe2\" data-element_type=\"column\">\n\t\t\t<div class=\"elementor-widget-wrap elementor-element-populated\">\n\t\t\t\t\t\t<div class=\"elementor-element elementor-element-9a59495 elementor-widget elementor-widget-image\" data-id=\"9a59495\" data-element_type=\"widget\" data-widget_type=\"image.default\">\n\t\t\t\t<div class=\"elementor-widget-container\">\n\t\t\t\t\t\t\t\t\t\t\t\t\t\t\t<img fetchpriority=\"high\" decoding=\"async\" width=\"2560\" height=\"1707\" src=\"https:\/\/harmoor.com\/wp-content\/uploads\/2023\/06\/Harmoor-Chair-1-scaled.webp\" class=\"attachment-full size-full wp-image-17043\" alt=\"Harmoor Chair\" \/>\t\t\t\t\t\t\t\t\t\t\t\t\t\t\t<\/div>\n\t\t\t\t<\/div>\n\t\t\t\t\t<\/div>\n\t\t<\/div>\n\t\t\t\t\t<\/div>\n\t\t<\/section>\n\t\t\t\t<section class=\"elementor-section elementor-top-section elementor-element elementor-element-534ee35 elementor-section-boxed elementor-section-height-default elementor-section-height-default\" data-id=\"534ee35\" data-element_type=\"section\">\n\t\t\t\t\t\t<div class=\"elementor-container elementor-column-gap-default\">\n\t\t\t\t\t<div class=\"elementor-column elementor-col-100 elementor-top-column elementor-element elementor-element-154ed5e\" data-id=\"154ed5e\" data-element_type=\"column\">\n\t\t\t<div class=\"elementor-widget-wrap elementor-element-populated\">\n\t\t\t\t\t\t<div class=\"elementor-element elementor-element-37c587a elementor-widget elementor-widget-text-editor\" data-id=\"37c587a\" data-element_type=\"widget\" data-widget_type=\"text-editor.default\">\n\t\t\t\t<div class=\"elementor-widget-container\">\n\t\t\t\t\t\t\t\t\t<p><strong>tradition, sch\u00f6nheit<\/strong><br \/><strong>und innovationen<\/strong><\/p>\n\t\t\t\t\t\t\t\t<\/div>\n\t\t\t\t<\/div>\n\t\t\t\t<section class=\"elementor-section elementor-inner-section elementor-element elementor-element-02b639f elementor-reverse-tablet elementor-reverse-mobile elementor-section-boxed elementor-section-height-default elementor-section-height-default\" data-id=\"02b639f\" data-element_type=\"section\">\n\t\t\t\t\t\t<div class=\"elementor-container elementor-column-gap-default\">\n\t\t\t\t\t<div class=\"elementor-column elementor-col-50 elementor-inner-column elementor-element elementor-element-9d20101\" data-id=\"9d20101\" data-element_type=\"column\">\n\t\t\t<div class=\"elementor-widget-wrap elementor-element-populated\">\n\t\t\t\t\t\t<div class=\"elementor-element elementor-element-2ce2a12 elementor-widget elementor-widget-image\" data-id=\"2ce2a12\" data-element_type=\"widget\" data-widget_type=\"image.default\">\n\t\t\t\t<div class=\"elementor-widget-container\">\n\t\t\t\t\t\t\t\t\t\t\t\t\t\t\t<img decoding=\"async\" width=\"1226\" height=\"1226\" src=\"https:\/\/harmoor.com\/wp-content\/uploads\/2023\/06\/harmoor-furniture.webp\" class=\"attachment-full size-full wp-image-17049\" alt=\"harmoor-furniture\" \/>\t\t\t\t\t\t\t\t\t\t\t\t\t\t\t<\/div>\n\t\t\t\t<\/div>\n\t\t\t\t\t<\/div>\n\t\t<\/div>\n\t\t\t\t<div class=\"elementor-column elementor-col-50 elementor-inner-column elementor-element elementor-element-83115de\" data-id=\"83115de\" data-element_type=\"column\">\n\t\t\t<div class=\"elementor-widget-wrap elementor-element-populated\">\n\t\t\t\t\t\t<div class=\"elementor-element elementor-element-4bbb2f1 elementor-widget elementor-widget-text-editor\" data-id=\"4bbb2f1\" data-element_type=\"widget\" data-widget_type=\"text-editor.default\">\n\t\t\t\t<div class=\"elementor-widget-container\">\n\t\t\t\t\t\t\t\t\t<p><strong>\u2015 multimaterial-m\u00f6bel f\u00fcr den objekt- und wohnungsbau<\/strong><br>Harmoor ist ein vietnamesisches Unternehmen,<strong> das moderne St\u00fchle, Tische und M\u00f6bel f\u00fcr den Objekt- und Wohnbereich herstellt<\/strong> . Die kollektion ist das ergebnis einer sorgf\u00e4ltigen und pr\u00e4zisen forschung, um funktionelle und vielseitige Industriedesignprodukte aus <strong>metall, kunststoff, holz<\/strong> und <strong>polsterstoffen zu schaffen<\/strong>.<\/p>\n<p><strong>\u2015 ein 100% vietnamesisches unternehmen<\/strong><br>Die M\u00f6bel werden ausschlie\u00dflich in Vietnam hergestellt, und zwar in einem Designprozess, der Tradition und Innovation, technische Exzellenz und herausragende Kreativit\u00e4t miteinander verbindet. Die Philosophie \u201c<strong>100% Made in Vietnam<\/strong>\u201d wird durch den internen Produktionsprozess am Hauptsitz von Harmoor in Binh Phuoc, Vietnam, Wirklichkeit.<\/p>\n<p><strong>\u2015 Zusammenarbeit mit Designern<\/strong><br>Harmoor arbeitet mit vielen <strong>italienischen und internationalen Designern<\/strong> zusammen, die sich die Philosophie der Marke zu eigen machen und sie durch die wertvollen Beitr\u00e4ge von Harmoor bereichern.<\/p>\t\t\t\t\t\t\t\t<\/div>\n\t\t\t\t<\/div>\n\t\t\t\t\t<\/div>\n\t\t<\/div>\n\t\t\t\t\t<\/div>\n\t\t<\/section>\n\t\t\t\t\t<\/div>\n\t\t<\/div>\n\t\t\t\t\t<\/div>\n\t\t<\/section>\n\t\t\t\t<section class=\"elementor-section elementor-top-section elementor-element elementor-element-cdf3056 elementor-section-boxed elementor-section-height-default elementor-section-height-default\" data-id=\"cdf3056\" data-element_type=\"section\">\n\t\t\t\t\t\t<div class=\"elementor-container elementor-column-gap-default\">\n\t\t\t\t\t<div class=\"elementor-column elementor-col-100 elementor-top-column elementor-element elementor-element-c663664\" data-id=\"c663664\" data-element_type=\"column\">\n\t\t\t<div class=\"elementor-widget-wrap elementor-element-populated\">\n\t\t\t\t\t\t<section class=\"elementor-section elementor-inner-section elementor-element elementor-element-733240e elementor-section-boxed elementor-section-height-default elementor-section-height-default\" data-id=\"733240e\" data-element_type=\"section\">\n\t\t\t\t\t\t<div class=\"elementor-container elementor-column-gap-default\">\n\t\t\t\t\t<div class=\"elementor-column elementor-col-50 elementor-inner-column elementor-element elementor-element-dec3f0d\" data-id=\"dec3f0d\" data-element_type=\"column\">\n\t\t\t<div class=\"elementor-widget-wrap elementor-element-populated\">\n\t\t\t\t\t\t<div class=\"elementor-element elementor-element-407eb82 elementor-widget elementor-widget-text-editor\" data-id=\"407eb82\" data-element_type=\"widget\" data-widget_type=\"text-editor.default\">\n\t\t\t\t<div class=\"elementor-widget-container\">\n\t\t\t\t\t\t\t\t\t<p>Im Jahr 2016 richtete, <strong>Harmoor<\/strong> eine kleine Werkstatt <strong>in Dong Phu in der Provinz Binh Phuoc <\/strong>, wo er mit der Produktion seiner ersten Kollektion von Kunststoffst\u00fchlen begann. Ab 2018 begann das Unternehmen, mit italienischen und ausl\u00e4ndischen Architekten und Designern zusammenzuarbeiten und spezialisierte sich zunehmend auf die industrielle Produktion f\u00fcr den M\u00f6belsektor. Heute exportiert das Unternehmen unter <strong>der F\u00fchrung des Vorstands<\/strong> seine Produkte nach <strong>Europa, Amerika, Australien und S\u00fcdostasien<\/strong>.<\/p>\n\t\t\t\t\t\t\t\t<\/div>\n\t\t\t\t<\/div>\n\t\t\t\t\t<\/div>\n\t\t<\/div>\n\t\t\t\t<div class=\"elementor-column elementor-col-50 elementor-inner-column elementor-element elementor-element-8b5c3af\" data-id=\"8b5c3af\" data-element_type=\"column\">\n\t\t\t<div class=\"elementor-widget-wrap elementor-element-populated\">\n\t\t\t\t\t\t<div class=\"elementor-element elementor-element-c076762 elementor-widget elementor-widget-image\" data-id=\"c076762\" data-element_type=\"widget\" data-widget_type=\"image.default\">\n\t\t\t\t<div class=\"elementor-widget-container\">\n\t\t\t\t\t\t\t\t\t\t\t\t\t\t\t<img decoding=\"async\" width=\"2480\" height=\"2480\" src=\"https:\/\/harmoor.com\/wp-content\/uploads\/2023\/06\/gaia1.webp\" class=\"attachment-full size-full wp-image-16980\" alt=\"gaia(1)\" \/>\t\t\t\t\t\t\t\t\t\t\t\t\t\t\t<\/div>\n\t\t\t\t<\/div>\n\t\t\t\t\t<\/div>\n\t\t<\/div>\n\t\t\t\t\t<\/div>\n\t\t<\/section>\n\t\t\t\t\t<\/div>\n\t\t<\/div>\n\t\t\t\t\t<\/div>\n\t\t<\/section>\n\t\t\t\t<section class=\"elementor-section elementor-top-section elementor-element elementor-element-72ebfda elementor-section-full_width elementor-hidden-desktop elementor-hidden-tablet elementor-hidden-mobile elementor-section-height-default elementor-section-height-default\" data-id=\"72ebfda\" data-element_type=\"section\">\n\t\t\t\t\t\t<div class=\"elementor-container elementor-column-gap-default\">\n\t\t\t\t\t<div class=\"elementor-column elementor-col-100 elementor-top-column elementor-element elementor-element-3a2f015\" data-id=\"3a2f015\" data-element_type=\"column\">\n\t\t\t<div class=\"elementor-widget-wrap elementor-element-populated\">\n\t\t\t\t\t\t<div class=\"elementor-element elementor-element-8ead2b4 elementor-widget__width-initial elementor-absolute elementor-widget elementor-widget-image\" data-id=\"8ead2b4\" data-element_type=\"widget\" data-settings=\"{&quot;_position&quot;:&quot;absolute&quot;}\" data-widget_type=\"image.default\">\n\t\t\t\t<div class=\"elementor-widget-container\">\n\t\t\t\t\t\t\t\t\t\t\t\t\t\t\t<img loading=\"lazy\" decoding=\"async\" width=\"300\" height=\"83\" src=\"https:\/\/harmoor.com\/wp-content\/uploads\/2023\/06\/Logo-Harmoor-Vietnam.png\" class=\"attachment-large size-large wp-image-15512\" alt=\"Logo Harmoor Vietnam\" \/>\t\t\t\t\t\t\t\t\t\t\t\t\t\t\t<\/div>\n\t\t\t\t<\/div>\n\t\t\t\t<div class=\"elementor-element elementor-element-4ed2e68 elementor-widget elementor-widget-image\" data-id=\"4ed2e68\" data-element_type=\"widget\" data-widget_type=\"image.default\">\n\t\t\t\t<div class=\"elementor-widget-container\">\n\t\t\t\t\t\t\t\t\t\t\t\t\t\t\t<img decoding=\"async\" src=\"https:\/\/lh3.googleusercontent.com\/pw\/AJFCJaUqG1C3D9JFtQxSm8esuLXz5n8_pwHuL-PQFV-wtqJYohFVoyO3M3CECU5Hn9RsHee9Z2shaHkKaic5bic37fAm9wdIW9QoJf4CXbRXPz4KSaA-l7o=w2400\" title=\"\" alt=\"harmoor-history\" loading=\"lazy\" \/>\t\t\t\t\t\t\t\t\t\t\t\t\t\t\t<\/div>\n\t\t\t\t<\/div>\n\t\t\t\t\t<\/div>\n\t\t<\/div>\n\t\t\t\t\t<\/div>\n\t\t<\/section>\n\t\t\t\t<section class=\"elementor-section elementor-top-section elementor-element elementor-element-3b82012 elementor-section-boxed elementor-section-height-default elementor-section-height-default\" data-id=\"3b82012\" data-element_type=\"section\">\n\t\t\t\t\t\t<div class=\"elementor-container elementor-column-gap-default\">\n\t\t\t\t\t<div class=\"elementor-column elementor-col-100 elementor-top-column elementor-element elementor-element-2a58dfd\" data-id=\"2a58dfd\" data-element_type=\"column\">\n\t\t\t<div class=\"elementor-widget-wrap elementor-element-populated\">\n\t\t\t\t\t\t<section class=\"elementor-section elementor-inner-section elementor-element elementor-element-943557b elementor-reverse-tablet elementor-reverse-mobile elementor-section-boxed elementor-section-height-default elementor-section-height-default\" data-id=\"943557b\" data-element_type=\"section\">\n\t\t\t\t\t\t<div class=\"elementor-container elementor-column-gap-default\">\n\t\t\t\t\t<div class=\"elementor-column elementor-col-50 elementor-inner-column elementor-element elementor-element-4a29457\" data-id=\"4a29457\" data-element_type=\"column\">\n\t\t\t<div class=\"elementor-widget-wrap elementor-element-populated\">\n\t\t\t\t\t\t<div class=\"elementor-element elementor-element-306d254 elementor-widget elementor-widget-image\" data-id=\"306d254\" data-element_type=\"widget\" data-widget_type=\"image.default\">\n\t\t\t\t<div class=\"elementor-widget-container\">\n\t\t\t\t\t\t\t\t\t\t\t\t\t\t\t<img loading=\"lazy\" decoding=\"async\" width=\"1276\" height=\"1702\" src=\"https:\/\/harmoor.com\/wp-content\/uploads\/2023\/06\/Harmoor-Furnitur-2.webp\" class=\"attachment-full size-full wp-image-17170\" alt=\"Harmoor-Furnitur-2\" \/>\t\t\t\t\t\t\t\t\t\t\t\t\t\t\t<\/div>\n\t\t\t\t<\/div>\n\t\t\t\t\t<\/div>\n\t\t<\/div>\n\t\t\t\t<div class=\"elementor-column elementor-col-50 elementor-inner-column elementor-element elementor-element-ce35cf7\" data-id=\"ce35cf7\" data-element_type=\"column\">\n\t\t\t<div class=\"elementor-widget-wrap elementor-element-populated\">\n\t\t\t\t\t\t<div class=\"elementor-element elementor-element-d16b041 elementor-widget elementor-widget-heading\" data-id=\"d16b041\" data-element_type=\"widget\" data-widget_type=\"heading.default\">\n\t\t\t\t<div class=\"elementor-widget-container\">\n\t\t\t\t\t<h2 class=\"elementor-heading-title elementor-size-default\">Innovation und modernste Produktion<\/h2>\t\t\t\t<\/div>\n\t\t\t\t<\/div>\n\t\t\t\t<div class=\"elementor-element elementor-element-5858694 elementor-widget elementor-widget-text-editor\" data-id=\"5858694\" data-element_type=\"widget\" data-widget_type=\"text-editor.default\">\n\t\t\t\t<div class=\"elementor-widget-container\">\n\t\t\t\t\t\t\t\t\t<p>Harmoor ist ein Unternehmen der<strong> Industrie 4.0<\/strong> , dessen Fabriken mit vernetzten <strong>Maschinen ausgestattet sind<\/strong>. Jedes Jahr wird ein erheblicher Teil des Umsatzes des Unternehmens in <strong>Innovation, Technologie und Anlagen<\/strong>, sowie in die <strong>Digitalisierung<\/strong> der Produktion investiert.. Alles im Unternehmen ist darauf ausgerichtet, nachhaltig zu sein und zur Verbesserung der Produktion beizutragen. Dies geschieht durch umfassende Qualit\u00e4tskontrollen w\u00e4hrend des gesamten Produktionsprozesses, die Auswahl erstklassiger Materialien, die absolute Leidenschaft f\u00fcr die modernsten Maschinen, die bewusste Suche nach Technologien und Rohstoffen aus Vietnam und die sorgf\u00e4ltige Planung jeder Phase, wie sie f\u00fcr Handwerker typisch ist.<\/p>\n\t\t\t\t\t\t\t\t<\/div>\n\t\t\t\t<\/div>\n\t\t\t\t\t<\/div>\n\t\t<\/div>\n\t\t\t\t\t<\/div>\n\t\t<\/section>\n\t\t\t\t\t<\/div>\n\t\t<\/div>\n\t\t\t\t\t<\/div>\n\t\t<\/section>\n\t\t\t\t<section class=\"elementor-section elementor-top-section elementor-element elementor-element-09edee2 elementor-section-boxed elementor-section-height-default elementor-section-height-default\" data-id=\"09edee2\" data-element_type=\"section\">\n\t\t\t\t\t\t<div class=\"elementor-container elementor-column-gap-default\">\n\t\t\t\t\t<div class=\"elementor-column elementor-col-100 elementor-top-column elementor-element elementor-element-1e0b743\" data-id=\"1e0b743\" data-element_type=\"column\">\n\t\t\t<div class=\"elementor-widget-wrap elementor-element-populated\">\n\t\t\t\t\t\t<section class=\"elementor-section elementor-inner-section elementor-element elementor-element-f00254e elementor-section-boxed elementor-section-height-default elementor-section-height-default\" data-id=\"f00254e\" data-element_type=\"section\">\n\t\t\t\t\t\t<div class=\"elementor-container elementor-column-gap-default\">\n\t\t\t\t\t<div class=\"elementor-column elementor-col-50 elementor-inner-column elementor-element elementor-element-ad4cbb8\" data-id=\"ad4cbb8\" data-element_type=\"column\">\n\t\t\t<div class=\"elementor-widget-wrap elementor-element-populated\">\n\t\t\t\t\t\t<div class=\"elementor-element elementor-element-58bdea3 elementor-widget elementor-widget-text-editor\" data-id=\"58bdea3\" data-element_type=\"widget\" data-widget_type=\"text-editor.default\">\n\t\t\t\t<div class=\"elementor-widget-container\">\n\t\t\t\t\t\t\t\t\t<p>Harmoor hat spezielle Qualit\u00e4ts-, Umwelt- und seiner Kunden durch <strong>die besonderen Merkmale<\/strong> des Unternehmens zu gew\u00e4hrleisten und zu verl\u00e4ngern. Harmoor ist sich bewusst, dass eine verantwortungsbewusste Wirtschaftsstrategie, die darauf abzielt, die Umweltauswirkungen seiner Arbeit zu minimieren und seine Umweltleistung kontinuierlich zu verbessern, erhebliche gesch\u00e4ftliche Vorteile mit sich bringt und das Unternehmen in die Lage versetzt, sowohl die Erwartungen des Marktes an die Verbesserung der Umwelt als auch die Anforderungen der Kunden zu erf\u00fcllen.<\/p>\n<p>Die Gesch\u00e4ftsleitung verpflichtet sich auch, <strong>die Gesundheit und Sicherheit<\/strong> ihrer Mitarbeiter zu verbessern, indem sie dies zu einem integralen Bestandteil ihrer Arbeitsethik und zu einer strategischen Verpflichtung im Rahmen ihres Unternehmenszwecks macht.<\/p>\n<p> <\/p>\n<ul>\n<li><a href=\"https:\/\/drive.google.com\/file\/d\/10qfdtO1gOSQ4C6eFlKnj0HYQWkJEXp8D\/view?usp=sharing\"><strong>BSCI herunterladen<\/strong><\/a><\/li>\n<\/ul>\t\t\t\t\t\t\t\t<\/div>\n\t\t\t\t<\/div>\n\t\t\t\t\t<\/div>\n\t\t<\/div>\n\t\t\t\t<div class=\"elementor-column elementor-col-50 elementor-inner-column elementor-element elementor-element-7876458\" data-id=\"7876458\" data-element_type=\"column\">\n\t\t\t<div class=\"elementor-widget-wrap elementor-element-populated\">\n\t\t\t\t\t\t<div class=\"elementor-element elementor-element-7a7b34c elementor-widget elementor-widget-image\" data-id=\"7a7b34c\" data-element_type=\"widget\" data-widget_type=\"image.default\">\n\t\t\t\t<div class=\"elementor-widget-container\">\n\t\t\t\t\t\t\t\t\t\t\t\t\t\t\t<img loading=\"lazy\" decoding=\"async\" width=\"600\" height=\"873\" src=\"https:\/\/harmoor.com\/wp-content\/uploads\/2023\/06\/harmoor-design-beauty-tradition-innovatio.webp\" class=\"attachment-large size-large wp-image-17176\" alt=\"harmoor-design-beauty-tradition-innovatio\" \/>\t\t\t\t\t\t\t\t\t\t\t\t\t\t\t<\/div>\n\t\t\t\t<\/div>\n\t\t\t\t\t<\/div>\n\t\t<\/div>\n\t\t\t\t\t<\/div>\n\t\t<\/section>\n\t\t\t\t\t<\/div>\n\t\t<\/div>\n\t\t\t\t\t<\/div>\n\t\t<\/section>\n\t\t\t\t<\/div>\n\t\t","protected":false},"excerpt":{"rendered":"<p>tradition, sch\u00f6nheitund innovationen \u2015 multimaterial-m\u00f6bel f\u00fcr den objekt- und wohnungsbauHarmoor ist ein vietnamesisches Unternehmen, das moderne St\u00fchle, Tische und M\u00f6bel f\u00fcr den Objekt- und Wohnbereich herstellt . Die kollektion ist das ergebnis einer sorgf\u00e4ltigen und pr\u00e4zisen forschung, um funktionelle und vielseitige Industriedesignprodukte aus metall, kunststoff, holz und polsterstoffen zu schaffen. \u2015 ein 100% vietnamesisches unternehmenDie [&hellip;]<\/p>\n","protected":false},"author":4,"featured_media":0,"parent":0,"menu_order":0,"comment_status":"closed","ping_status":"closed","template":"page-templates\/homepage.php","meta":{"footnotes":""},"class_list":["post-17648","page","type-page","status-publish","hentry"],"_links":{"self":[{"href":"https:\/\/harmoor.com\/de\/wp-json\/wp\/v2\/pages\/17648","targetHints":{"allow":["GET"]}}],"collection":[{"href":"https:\/\/harmoor.com\/de\/wp-json\/wp\/v2\/pages"}],"about":[{"href":"https:\/\/harmoor.com\/de\/wp-json\/wp\/v2\/types\/page"}],"author":[{"embeddable":true,"href":"https:\/\/harmoor.com\/de\/wp-json\/wp\/v2\/users\/4"}],"replies":[{"embeddable":true,"href":"https:\/\/harmoor.com\/de\/wp-json\/wp\/v2\/comments?post=17648"}],"version-history":[{"count":3,"href":"https:\/\/harmoor.com\/de\/wp-json\/wp\/v2\/pages\/17648\/revisions"}],"predecessor-version":[{"id":23430,"href":"https:\/\/harmoor.com\/de\/wp-json\/wp\/v2\/pages\/17648\/revisions\/23430"}],"wp:attachment":[{"href":"https:\/\/harmoor.com\/de\/wp-json\/wp\/v2\/media?parent=17648"}],"curies":[{"name":"wp","href":"https:\/\/api.w.org\/{rel}","templated":true}]}}